{"id":4872,"date":"2020-05-11T18:02:13","date_gmt":"2020-05-11T16:02:13","guid":{"rendered":"https:\/\/chrystele-lerisse.dev.pxl.us\/?page_id=4872"},"modified":"2026-01-14T08:42:49","modified_gmt":"2026-01-14T07:42:49","slug":"accueil","status":"publish","type":"page","link":"https:\/\/chrystele-lerisse.com\/en\/","title":{"rendered":"Accueil"},"content":{"rendered":"\t\t<div data-elementor-type=\"wp-page\" data-elementor-id=\"4872\" class=\"elementor elementor-4872\">\n\t\t\t\t\t\t<section class=\"elementor-section elementor-top-section elementor-element elementor-element-4d458ae5 elementor-section-boxed elementor-section-height-default elementor-section-height-default\" data-id=\"4d458ae5\" data-element_type=\"section\" data-e-type=\"section\" data-settings=\"{&quot;background_slideshow_gallery&quot;:[{&quot;id&quot;:3689,&quot;url&quot;:&quot;https:\\\/\\\/chrystele-lerisse.com\\\/wp-content\\\/uploads\\\/IMG_0270.jpeg&quot;},{&quot;id&quot;:3688,&quot;url&quot;:&quot;https:\\\/\\\/chrystele-lerisse.com\\\/wp-content\\\/uploads\\\/IMG_0288.jpeg&quot;},{&quot;id&quot;:3526,&quot;url&quot;:&quot;https:\\\/\\\/chrystele-lerisse.com\\\/wp-content\\\/uploads\\\/lewitt_4375.jpg&quot;},{&quot;id&quot;:3727,&quot;url&quot;:&quot;https:\\\/\\\/chrystele-lerisse.com\\\/wp-content\\\/uploads\\\/unnamed-2.jpg&quot;},{&quot;id&quot;:3724,&quot;url&quot;:&quot;https:\\\/\\\/chrystele-lerisse.com\\\/wp-content\\\/uploads\\\/unnamed-1.jpg&quot;}],&quot;background_background&quot;:&quot;slideshow&quot;,&quot;background_slideshow_loop&quot;:&quot;yes&quot;,&quot;background_slideshow_slide_duration&quot;:5000,&quot;background_slideshow_slide_transition&quot;:&quot;fade&quot;,&quot;background_slideshow_transition_duration&quot;:500}\">\n\t\t\t\t\t\t\t<div class=\"elementor-background-overlay\"><\/div>\n\t\t\t\t\t\t\t<div class=\"elementor-container elementor-column-gap-default\">\n\t\t\t\t\t<div class=\"elementor-column elementor-col-100 elementor-top-column elementor-element elementor-element-509a27e6\" data-id=\"509a27e6\" data-element_type=\"column\" data-e-type=\"column\">\n\t\t\t<div class=\"elementor-widget-wrap elementor-element-populated\">\n\t\t\t\t\t\t<div class=\"elementor-element elementor-element-37471938 section-align-center section-size-large subtitle-style-default elementor-widget elementor-widget-section-heading\" data-id=\"37471938\" data-element_type=\"widget\" data-e-type=\"widget\" data-widget_type=\"section-heading.default\">\n\t\t\t\t<div class=\"elementor-widget-container\">\n\t\t\t\t\t<div class=\"section-heading headingstyle-subtitle\"><h5 class=\"entry-sub-title section-sub-title\">artiste plasticienne photographe<\/h5><div class=\"section-title-wrapper\"><h1 class=\"entry-title section-title\">Chryst\u00e8le Lerisse<\/h1><\/div><\/div>\t\t\t\t<\/div>\n\t\t\t\t<\/div>\n\t\t\t\t\t<\/div>\n\t\t<\/div>\n\t\t\t\t\t<\/div>\n\t\t<\/section>\n\t\t\t\t<section class=\"elementor-section elementor-top-section elementor-element elementor-element-f4f03fc elementor-section-boxed elementor-section-height-default elementor-section-height-default\" data-id=\"f4f03fc\" data-element_type=\"section\" data-e-type=\"section\">\n\t\t\t\t\t\t<div class=\"elementor-container elementor-column-gap-default\">\n\t\t\t\t\t<div class=\"elementor-column elementor-col-100 elementor-top-column elementor-element elementor-element-417a32d4\" data-id=\"417a32d4\" data-element_type=\"column\" data-e-type=\"column\">\n\t\t\t<div class=\"elementor-widget-wrap elementor-element-populated\">\n\t\t\t\t\t\t<div class=\"elementor-element elementor-element-20fec0cb elementor-widget elementor-widget-image\" data-id=\"20fec0cb\" data-element_type=\"widget\" data-e-type=\"widget\" data-settings=\"{&quot;_animation&quot;:&quot;none&quot;}\" data-widget_type=\"image.default\">\n\t\t\t\t<div class=\"elementor-widget-container\">\n\t\t\t\t\t\t\t\t\t\t\t\t\t\t\t<img fetchpriority=\"high\" decoding=\"async\" width=\"350\" height=\"360\" src=\"https:\/\/chrystele-lerisse.com\/wp-content\/uploads\/PortraitCHL.LaReole.3NB1.300618.md-copie-e1590504812846.jpg\" class=\"attachment-full size-full wp-image-4940\" alt=\"Chryst\u00e8le Lerisse Portrait\" srcset=\"https:\/\/chrystele-lerisse.com\/wp-content\/uploads\/PortraitCHL.LaReole.3NB1.300618.md-copie-e1590504812846.jpg 350w, https:\/\/chrystele-lerisse.com\/wp-content\/uploads\/PortraitCHL.LaReole.3NB1.300618.md-copie-e1590504812846-292x300.jpg 292w\" sizes=\"(max-width: 350px) 100vw, 350px\" \/>\t\t\t\t\t\t\t\t\t\t\t\t\t\t\t<\/div>\n\t\t\t\t<\/div>\n\t\t\t\t\t<\/div>\n\t\t<\/div>\n\t\t\t\t\t<\/div>\n\t\t<\/section>\n\t\t\t\t<section class=\"elementor-section elementor-top-section elementor-element elementor-element-40c94601 elementor-section-boxed elementor-section-height-default elementor-section-height-default\" data-id=\"40c94601\" data-element_type=\"section\" data-e-type=\"section\">\n\t\t\t\t\t\t<div class=\"elementor-container elementor-column-gap-no\">\n\t\t\t\t\t<div class=\"elementor-column elementor-col-100 elementor-top-column elementor-element elementor-element-105495e4\" data-id=\"105495e4\" data-element_type=\"column\" data-e-type=\"column\">\n\t\t\t<div class=\"elementor-widget-wrap elementor-element-populated\">\n\t\t\t\t\t\t<div class=\"elementor-element elementor-element-e2fe8c9 section-size-large section-align-center subtitle-style-default elementor-widget elementor-widget-section-heading\" data-id=\"e2fe8c9\" data-element_type=\"widget\" data-e-type=\"widget\" data-widget_type=\"section-heading.default\">\n\t\t\t\t<div class=\"elementor-widget-container\">\n\t\t\t\t\t<div class=\"section-heading headingstyle-default\"><div class=\"section-title-wrapper\"><h2 class=\"entry-title section-title\">Bienvenue<\/h2><\/div><div class=\"section-description clearfix\"><div class=\"section-description-inner\"><p>\u00ab L\u2019\u0153uvre de Chryst\u00e8le Lerisse, fond\u00e9e sur le petit format noir et blanc, poss\u00e8de une intensit\u00e9 rarement atteinte gr\u00e2ce \u00e0 la photographie argentique, sauf \u00e0 se r\u00e9f\u00e9rer \u00e0 de grands noms de l\u2019histoire de l\u2019art, Moholy-Nagy, Strand ou Leiter pour ne citer qu\u2019eux. Elle se nourrit aussi de l\u2019histoire de la peinture moderne et du cin\u00e9ma. Mais surtout elle accomplit une synth\u00e8se in\u00e9gal\u00e9e des r\u00e9volutions plastiques que ces r\u00e9f\u00e9rences supposent. En travaillant sur des objets et des lieux a priori universels, elle produit des \u0153uvres absolument in\u00e9dites, d\u2019une tr\u00e8s grande coh\u00e9rence entre elles, impossibles \u00e0 classifier ou \u00e0 r\u00e9duire \u00e0 quelques notions de genre que ce soit. (...). L\u2019\u0153uvre de Chryst\u00e8le Lerisse s\u2019av\u00e9rera d\u00e9cisive dans l\u2019histoire de la photographie contemporaine, au regard de l\u2019histoire de l\u2019art. \u00bb<\/p>\n<p>J\u00e9r\u00f4me Felin historien de l\u2019art, conseiller arts plastiques en Normandie, 2008<\/p>\n<\/div><\/div><div class=\"section-button\"><a  href=\"https:\/\/chrystele-lerisse.com\/portfolio\/\"><div class=\"mtheme-button\">Portfolio<\/div><\/a><\/div><\/div>\t\t\t\t<\/div>\n\t\t\t\t<\/div>\n\t\t\t\t\t<\/div>\n\t\t<\/div>\n\t\t\t\t\t<\/div>\n\t\t<\/section>\n\t\t\t\t<section class=\"elementor-section elementor-top-section elementor-element elementor-element-68c73dad elementor-section-stretched elementor-section-boxed elementor-section-height-default elementor-section-height-default elementor-invisible\" data-id=\"68c73dad\" data-element_type=\"section\" data-e-type=\"section\" data-settings=\"{&quot;animation&quot;:&quot;fadeIn&quot;,&quot;stretch_section&quot;:&quot;section-stretched&quot;}\">\n\t\t\t\t\t\t<div class=\"elementor-container elementor-column-gap-extended\">\n\t\t\t\t\t<div class=\"elementor-column elementor-col-100 elementor-top-column elementor-element elementor-element-6c3c773e\" data-id=\"6c3c773e\" data-element_type=\"column\" data-e-type=\"column\">\n\t\t\t<div class=\"elementor-widget-wrap\">\n\t\t\t\t\t\t\t<\/div>\n\t\t<\/div>\n\t\t\t\t\t<\/div>\n\t\t<\/section>\n\t\t\t\t<section class=\"elementor-section elementor-top-section elementor-element elementor-element-1f9df8d5 elementor-section-full_width elementor-section-height-default elementor-section-height-default\" data-id=\"1f9df8d5\" data-element_type=\"section\" data-e-type=\"section\">\n\t\t\t\t\t\t<div class=\"elementor-container elementor-column-gap-no\">\n\t\t\t\t\t<div class=\"elementor-column elementor-col-100 elementor-top-column elementor-element elementor-element-b973bef\" data-id=\"b973bef\" data-element_type=\"column\" data-e-type=\"column\">\n\t\t\t<div class=\"elementor-widget-wrap elementor-element-populated\">\n\t\t\t\t\t\t<div class=\"elementor-element elementor-element-6ac81043 carousel-arrow-shape-circle carousel-dots-no elementor-widget elementor-widget-slideshow-carousel\" data-id=\"6ac81043\" data-element_type=\"widget\" data-e-type=\"widget\" data-widget_type=\"slideshow-carousel.default\">\n\t\t\t\t<div class=\"elementor-widget-container\">\n\t\t\t\t\t<div class=\"gridblock-owlcarousel-wrap clearfix\"><div id=\"4872-69e7eda0148d7\" class=\"owl-carousel owl-slideshow-element owl-carousel-detect owl-carousel-type-flatcarousel\" data-autoplaytimeout=\"5000\" data-smartspeed=\"1000\" data-id=\"4872-69e7eda0148d7\" data-autoplay=\"true\" data-lazyload=\"false\" data-type=\"flatcarousel\"><div class=\"gridblock-slideshow-element\"><img decoding=\"async\" src=\"https:\/\/chrystele-lerisse.com\/wp-content\/uploads\/2011-dia11.jpg\" alt=\"Trappes dans le sept huit, 4,5 cm x 6 cm\" class=\"owl-slide-image\"\/><div class=\"slideshow-owl-title\">Trappes dans le sept huit<\/div><\/div><div class=\"gridblock-slideshow-element\"><img decoding=\"async\" src=\"https:\/\/chrystele-lerisse.com\/wp-content\/uploads\/2011-dia9.jpg\" alt=\"Hiver 2011, 6 cm x 6 cm\" class=\"owl-slide-image\"\/><div class=\"slideshow-owl-title\">Hiver 2011, 6 cm x 6 cm<\/div><\/div><div class=\"gridblock-slideshow-element\"><img decoding=\"async\" src=\"https:\/\/chrystele-lerisse.com\/wp-content\/uploads\/2010-dia18.jpg\" alt=\"Quatre, 6 cm x 6 cm\" class=\"owl-slide-image\"\/><div class=\"slideshow-owl-title\">Quatre, 6 cm x 6 cm<\/div><\/div><div class=\"gridblock-slideshow-element\"><img decoding=\"async\" src=\"https:\/\/chrystele-lerisse.com\/wp-content\/uploads\/2009-dia1.jpg\" alt=\"Aur\u00e9lie Nemours, 6 cm x 6 cm\" class=\"owl-slide-image\"\/><div class=\"slideshow-owl-title\">Aur\u00e9lie Nemours, 6 cm x 6 cm<\/div><\/div><\/div><\/div>\t\t\t\t<\/div>\n\t\t\t\t<\/div>\n\t\t\t\t\t<\/div>\n\t\t<\/div>\n\t\t\t\t\t<\/div>\n\t\t<\/section>\n\t\t\t\t<section class=\"elementor-section elementor-top-section elementor-element elementor-element-6cd75aa2 elementor-section-content-middle elementor-section-boxed elementor-section-height-default elementor-section-height-default\" data-id=\"6cd75aa2\" data-element_type=\"section\" data-e-type=\"section\">\n\t\t\t\t\t\t<div class=\"elementor-container elementor-column-gap-no\">\n\t\t\t\t\t<div class=\"elementor-column elementor-col-100 elementor-top-column elementor-element elementor-element-386e6a7f\" data-id=\"386e6a7f\" data-element_type=\"column\" data-e-type=\"column\">\n\t\t\t<div class=\"elementor-widget-wrap elementor-element-populated\">\n\t\t\t\t\t\t<div class=\"elementor-element elementor-element-c060f2a section-size-large section-align-center subtitle-style-default elementor-widget elementor-widget-section-heading\" data-id=\"c060f2a\" data-element_type=\"widget\" data-e-type=\"widget\" data-widget_type=\"section-heading.default\">\n\t\t\t\t<div class=\"elementor-widget-container\">\n\t\t\t\t\t<div class=\"section-heading headingstyle-default\"><div class=\"section-title-wrapper\"><h2 class=\"entry-title section-title\">Derni\u00e8res actualit\u00e9s<\/h2><\/div><div class=\"section-button\"><a  href=\"https:\/\/chrystele-lerisse.com\/expositions\/\"><div class=\"mtheme-button\">Voir toutes les Expositions<\/div><\/a><\/div><\/div>\t\t\t\t<\/div>\n\t\t\t\t<\/div>\n\t\t\t\t<section class=\"elementor-section elementor-inner-section elementor-element elementor-element-1e29418c elementor-section-content-middle elementor-section-boxed elementor-section-height-default elementor-section-height-default\" data-id=\"1e29418c\" data-element_type=\"section\" data-e-type=\"section\">\n\t\t\t\t\t\t<div class=\"elementor-container elementor-column-gap-no\">\n\t\t\t\t\t<div class=\"elementor-column elementor-col-100 elementor-inner-column elementor-element elementor-element-31111fd\" data-id=\"31111fd\" data-element_type=\"column\" data-e-type=\"column\">\n\t\t\t<div class=\"elementor-widget-wrap elementor-element-populated\">\n\t\t\t\t\t\t<div class=\"elementor-element elementor-element-953f61d section-align-center elementor-widget elementor-widget-events-grid\" data-id=\"953f61d\" data-element_type=\"widget\" data-e-type=\"widget\" data-widget_type=\"events-grid.default\">\n\t\t\t\t<div class=\"elementor-widget-container\">\n\t\t\t\t\t<div class=\"portfolio-grid-container portfolio-gridblock-columns-wrap grid-has-events\"><div id=\"gridblock-container\" class=\"portfolio-gutter-spaced    has-effect-none grid-style-classic gridblock-two clearfix\" data-columns=\"2\"><div class=\"gridblock-element grid-animate-display-all isotope-displayed gridblock-element-id-27033 gridblock-element-order-1  gridblock-filterable filter-92 filter-139 filter-127 \" data-portfolio=\"portfolio-27033\" data-id=\"id-2\"><div class=\"gridblock-grid-element gridblock-element-inner\" data-portfolioid=\"27033\"><div class=\"gridblock-background-hover\"><div class=\"mtheme-post-like-wrap\"><div class=\"mtheme-post-like \"><div class=\"post-link-count-wrap\" data-count_id=\"27033\"><span class=\"post-like-count\">0<\/span><\/div><span class=\"vote-ready\" data-post_id=\"27033\">\n\t\t\t\t\t<span class=\"mtheme-like like-vote-icon like-notvoted animation-standby animated\"><i class=\"vote-like-icon ion-ios-heart-outline\"><\/i><\/span>\n\t\t\t\t\t<\/span><\/div><\/div><a class=\"gridblock-sole-link\" href=\"https:\/\/chrystele-lerisse.com\/en\/\u00e9v\u00e9nements\/artotheque-dangers-may-14-to-september-22-2024-2\/\"><div class=\"gridblock-links-wrap box-title-\"><span class=\"column-gridblock-icon\"><span class=\"hover-icon-effect\"><i class=\"ion-ios-plus-empty\"><\/i><\/span><\/span><\/div><\/a><\/div><img decoding=\"async\" src=\"https:\/\/chrystele-lerisse.com\/wp-content\/themes\/blacksilver\/images\/placeholders\/placeholder-550x770.gif\" data-src=\"https:\/\/chrystele-lerisse.com\/wp-content\/uploads\/dernier-telegramme-550x770.jpg\" alt=\"\" class=\"displayed-image lazyload\"\/><\/div><div class=\"work-details\"><h4><a href=\"https:\/\/chrystele-lerisse.com\/en\/\u00e9v\u00e9nements\/artotheque-dangers-may-14-to-september-22-2024-2\/\">Dernier T\u00e9l\u00e9gramme, 20 ans d\u2019\u00e9dition &#038; une collection Exemplaire<\/a><\/h4><p class=\"entry-content work-description\"><\/p><a class=\"theme-btn-link\" href=\"https:\/\/chrystele-lerisse.com\/en\/\u00e9v\u00e9nements\/artotheque-dangers-may-14-to-september-22-2024-2\/\"><div class=\"theme-btn theme-btn-outline-primary theme-hover-arrow\">D\u00e9tails de l&#039;\u00e9v\u00e9nement<\/div><\/a><\/div><\/div><div class=\"gridblock-element grid-animate-display-all isotope-displayed gridblock-element-id-27055 gridblock-element-order-2  gridblock-filterable filter-139 filter-127 \" data-portfolio=\"portfolio-27055\" data-id=\"id-3\"><div class=\"gridblock-grid-element gridblock-element-inner\" data-portfolioid=\"27055\"><div class=\"gridblock-background-hover\"><div class=\"mtheme-post-like-wrap\"><div class=\"mtheme-post-like \"><div class=\"post-link-count-wrap\" data-count_id=\"27055\"><span class=\"post-like-count\">0<\/span><\/div><span class=\"vote-ready\" data-post_id=\"27055\">\n\t\t\t\t\t<span class=\"mtheme-like like-vote-icon like-notvoted animation-standby animated\"><i class=\"vote-like-icon ion-ios-heart-outline\"><\/i><\/span>\n\t\t\t\t\t<\/span><\/div><\/div><a class=\"gridblock-sole-link\" href=\"https:\/\/chrystele-lerisse.com\/en\/\u00e9v\u00e9nements\/revoir\/\"><div class=\"gridblock-links-wrap box-title-\"><span class=\"column-gridblock-icon\"><span class=\"hover-icon-effect\"><i class=\"ion-ios-plus-empty\"><\/i><\/span><\/span><\/div><\/a><\/div><img decoding=\"async\" src=\"https:\/\/chrystele-lerisse.com\/wp-content\/themes\/blacksilver\/images\/placeholders\/placeholder-550x770.gif\" data-src=\"https:\/\/chrystele-lerisse.com\/wp-content\/uploads\/couv-REVOIR-copie-1-550x770.jpg\" alt=\"\" class=\"displayed-image lazyload\"\/><\/div><div class=\"work-details\"><h4><a href=\"https:\/\/chrystele-lerisse.com\/en\/\u00e9v\u00e9nements\/revoir\/\">Re(voir)<\/a><\/h4><p class=\"entry-content work-description\"><\/p><a class=\"theme-btn-link\" href=\"https:\/\/chrystele-lerisse.com\/en\/\u00e9v\u00e9nements\/revoir\/\"><div class=\"theme-btn theme-btn-outline-primary theme-hover-arrow\">D\u00e9tails de l&#039;\u00e9v\u00e9nement<\/div><\/a><\/div><\/div><\/div><\/div>\t\t\t\t<\/div>\n\t\t\t\t<\/div>\n\t\t\t\t\t<\/div>\n\t\t<\/div>\n\t\t\t\t\t<\/div>\n\t\t<\/section>\n\t\t\t\t\t<\/div>\n\t\t<\/div>\n\t\t\t\t\t<\/div>\n\t\t<\/section>\n\t\t\t\t<section class=\"elementor-section elementor-top-section elementor-element elementor-element-608d9692 elementor-section-boxed elementor-section-height-default elementor-section-height-default\" data-id=\"608d9692\" data-element_type=\"section\" data-e-type=\"section\">\n\t\t\t\t\t\t<div class=\"elementor-container elementor-column-gap-default\">\n\t\t\t\t\t<div class=\"elementor-column elementor-col-100 elementor-top-column elementor-element elementor-element-402396f3\" data-id=\"402396f3\" data-element_type=\"column\" data-e-type=\"column\">\n\t\t\t<div class=\"elementor-widget-wrap elementor-element-populated\">\n\t\t\t\t\t\t<div class=\"elementor-element elementor-element-879edc7 section-size-large section-align-center subtitle-style-default elementor-widget elementor-widget-section-heading\" data-id=\"879edc7\" data-element_type=\"widget\" data-e-type=\"widget\" data-widget_type=\"section-heading.default\">\n\t\t\t\t<div class=\"elementor-widget-container\">\n\t\t\t\t\t<div class=\"section-heading headingstyle-default\"><div class=\"section-title-wrapper\"><h2 class=\"entry-title section-title\">T\u00e9moignages<\/h2><\/div><\/div>\t\t\t\t<\/div>\n\t\t\t\t<\/div>\n\t\t\t\t\t<\/div>\n\t\t<\/div>\n\t\t\t\t\t<\/div>\n\t\t<\/section>\n\t\t\t\t<section class=\"elementor-section elementor-top-section elementor-element elementor-element-1845406c elementor-section-boxed elementor-section-height-default elementor-section-height-default\" data-id=\"1845406c\" data-element_type=\"section\" data-e-type=\"section\">\n\t\t\t\t\t\t<div class=\"elementor-container elementor-column-gap-default\">\n\t\t\t\t\t<div class=\"elementor-column elementor-col-100 elementor-top-column elementor-element elementor-element-20f24249\" data-id=\"20f24249\" data-element_type=\"column\" data-e-type=\"column\">\n\t\t\t<div class=\"elementor-widget-wrap elementor-element-populated\">\n\t\t\t\t\t\t<div class=\"elementor-element elementor-element-1474b61e testimonial-image-shape-circle elementor-widget elementor-widget-testimonials\" data-id=\"1474b61e\" data-element_type=\"widget\" data-e-type=\"widget\" data-widget_type=\"testimonials.default\">\n\t\t\t\t<div class=\"elementor-widget-container\">\n\t\t\t\t\t\n<div class=\"testimonials-wrap\">\n\t<div id=\"testimony-testimonial-id-187\" data-type=\"testimony\" data-autoplay=\"true\" data-autoplaytimeout=\"10000\" data-id=\"testimony-testimonial-id-187\" class=\"owl-carousel-detect owl-carousel\">\n<div><div class=\"testimonial-say\"><div class=\"client-say\"><p>\u00ab  Un des ressorts de l\u2019oeuvre de Lerisse est de nous faire voir des choses simples et ordinaires que nous ne voyons pas vraiment, paradoxalement dans les pires conditions : des petits formats en noir et blanc o\u00f9 le gris, le flou,  la confusion des formes, l\u2019emprise du noir et les cadrages mettent \u00e0 mal les apparences de la r\u00e9alit\u00e9. Autrement dit, on n\u2019y voit pas grand-chose en un premier temps. Il faut accommoder. \u00bb<\/p>\n<\/div><\/div><div class=\"client-info\"><span class=\"client-name\">Genevi\u00e8ve Breerette in mission Lerisse -le tour de France des vaches-<\/span><span class=\"client-company\">Editions Artboretum &amp; Artzo, 2015<\/span><\/div><\/div><div><div class=\"testimonial-say\"><div class=\"client-say\"><p>\u00ab Vassivi\u00e8re, le 11 avril 2004. Premi\u00e8re rencontre avec  une image de Chryst\u00e8le Lerisse.Une image noire, o\u00f9 je ne vois d\u2019abord \u00e0 peu pr\u00e8s rien que ce minuscule carr\u00e9 noir. Puis mes yeux s\u2019habituent, distinguent quelque chose. \u00bb<\/p>\n<\/div><\/div><div class=\"client-info\"><span class=\"client-name\">Jean Paul Chavent, in de gr\u00e2ce, ce pas dans l\u2019absence en quoi tout demeure<\/span><span class=\"client-company\">baudoin lebon \u00e9diteur, 2005<\/span><\/div><\/div><div><div class=\"testimonial-say\"><div class=\"client-say\"><p>\u00ab L \u2018oeuvre de Chryst\u00e8le Lerisse ne rel\u00e8ve pas de la prose, ni m\u00eame d\u2019une po\u00e9sie, mais d\u2019une po\u00e9tique, soit une po\u00e9sie en acte qui se r\u00e9fl\u00e9chit. \u00bb<\/p>\n<\/div><\/div><div class=\"client-info\"><span class=\"client-name\">J\u00e9r\u00f4me Felin, in A-Propos<\/span><span class=\"client-company\">\u00e9ditions Artzo, 2019<\/span><\/div><\/div>\n\t<\/div>\n<\/div>\t\t\t\t<\/div>\n\t\t\t\t<\/div>\n\t\t\t\t\t<\/div>\n\t\t<\/div>\n\t\t\t\t\t<\/div>\n\t\t<\/section>\n\t\t\t\t<\/div>\n\t\t","protected":false},"excerpt":{"rendered":"<p>artiste plasticienne photographe Chryst\u00e8le Lerisse Bienvenue \u00ab L\u2019\u0153uvre de Chryst\u00e8le Lerisse, fond\u00e9e sur le petit format noir et blanc, poss\u00e8de une intensit\u00e9 rarement atteinte gr\u00e2ce \u00e0 la photographie argentique, sauf \u00e0 se r\u00e9f\u00e9rer \u00e0 de grands noms de l\u2019histoire de l\u2019art, Moholy-Nagy, Strand ou Leiter pour ne citer qu\u2019eux. Elle se nourrit aussi de l\u2019histoire de la peinture moderne et du cin\u00e9ma. Mais surtout elle accomplit une synth\u00e8se in\u00e9gal\u00e9e des r\u00e9volutions plastiques que ces r\u00e9f\u00e9rences supposent. En travaillant sur des [&hellip;]<\/p>\n","protected":false},"author":1,"featured_media":0,"parent":0,"menu_order":0,"comment_status":"closed","ping_status":"closed","template":"","meta":{"footnotes":""},"class_list":["post-4872","page","type-page","status-publish","hentry"],"_links":{"self":[{"href":"https:\/\/chrystele-lerisse.com\/en\/wp-json\/wp\/v2\/pages\/4872","targetHints":{"allow":["GET"]}}],"collection":[{"href":"https:\/\/chrystele-lerisse.com\/en\/wp-json\/wp\/v2\/pages"}],"about":[{"href":"https:\/\/chrystele-lerisse.com\/en\/wp-json\/wp\/v2\/types\/page"}],"author":[{"embeddable":true,"href":"https:\/\/chrystele-lerisse.com\/en\/wp-json\/wp\/v2\/users\/1"}],"replies":[{"embeddable":true,"href":"https:\/\/chrystele-lerisse.com\/en\/wp-json\/wp\/v2\/comments?post=4872"}],"version-history":[{"count":42,"href":"https:\/\/chrystele-lerisse.com\/en\/wp-json\/wp\/v2\/pages\/4872\/revisions"}],"predecessor-version":[{"id":27201,"href":"https:\/\/chrystele-lerisse.com\/en\/wp-json\/wp\/v2\/pages\/4872\/revisions\/27201"}],"wp:attachment":[{"href":"https:\/\/chrystele-lerisse.com\/en\/wp-json\/wp\/v2\/media?parent=4872"}],"curies":[{"name":"wp","href":"https:\/\/api.w.org\/{rel}","templated":true}]}}