{"id":25289,"date":"2025-11-21T16:32:31","date_gmt":"2025-11-21T15:32:31","guid":{"rendered":"https:\/\/chrystele-lerisse.com\/?post_type=product&#038;p=25289"},"modified":"2026-01-12T14:23:20","modified_gmt":"2026-01-12T13:23:20","slug":"25289","status":"publish","type":"product","link":"https:\/\/chrystele-lerisse.com\/en\/product\/25289\/","title":{"rendered":"Lumi\u00e8re\/espace\/temps, 2025"},"content":{"rendered":"<div class=\"yiv7936609010ydpc5845d1fyiv8446498923\">Edition num\u00e9rot\u00e9e : 100\u20ac<\/div>\n<div class=\"yiv7936609010ydpc5845d1fyiv8446498923\">Edition courante : 80\u20ac<\/div>","protected":false},"excerpt":{"rendered":"<p>livre d&rsquo;artiste aux \u00e9ditions le cdla &amp; artzo, 2025 de 33 photographies noir et blanc argentique 1985-2001-2003 imprim\u00e9es en risographie sur 14 livrets 21 x 30 cm de quatre pages et mis sous bo\u00eete\/pochette pour l\u2019\u00e9dition de 30 exemplaires sign\u00e9e et num\u00e9rot\u00e9e de 1 \u00e0 30, prix public 100 \u20ac pour l\u2019\u00e9dition courante de 20 exemplaires non num\u00e9rot\u00e9e, prix public 80 \u20ac<\/p>","protected":false},"featured_media":25081,"template":"","meta":{"wds_primary_product_brand":0,"wds_primary_product_cat":0},"product_brand":[],"product_cat":[111,91,114],"product_tag":[],"class_list":{"0":"post-25289","1":"product","2":"type-product","3":"status-publish","4":"has-post-thumbnail","6":"product_cat-livres-sur-chrystele-lerisse","7":"product_cat-non-classe","8":"product_cat-publications-ouvrages-collectifs","9":"mtheme-hover-thumbnail","11":"first","12":"instock","13":"taxable","14":"shipping-taxable","15":"purchasable","16":"product-type-simple"},"_links":{"self":[{"href":"https:\/\/chrystele-lerisse.com\/en\/wp-json\/wp\/v2\/product\/25289","targetHints":{"allow":["GET"]}}],"collection":[{"href":"https:\/\/chrystele-lerisse.com\/en\/wp-json\/wp\/v2\/product"}],"about":[{"href":"https:\/\/chrystele-lerisse.com\/en\/wp-json\/wp\/v2\/types\/product"}],"version-history":[{"count":7,"href":"https:\/\/chrystele-lerisse.com\/en\/wp-json\/wp\/v2\/product\/25289\/revisions"}],"predecessor-version":[{"id":27157,"href":"https:\/\/chrystele-lerisse.com\/en\/wp-json\/wp\/v2\/product\/25289\/revisions\/27157"}],"wp:featuredmedia":[{"embeddable":true,"href":"https:\/\/chrystele-lerisse.com\/en\/wp-json\/wp\/v2\/media\/25081"}],"wp:attachment":[{"href":"https:\/\/chrystele-lerisse.com\/en\/wp-json\/wp\/v2\/media?parent=25289"}],"wp:term":[{"taxonomy":"product_brand","embeddable":true,"href":"https:\/\/chrystele-lerisse.com\/en\/wp-json\/wp\/v2\/product_brand?post=25289"},{"taxonomy":"product_cat","embeddable":true,"href":"https:\/\/chrystele-lerisse.com\/en\/wp-json\/wp\/v2\/product_cat?post=25289"},{"taxonomy":"product_tag","embeddable":true,"href":"https:\/\/chrystele-lerisse.com\/en\/wp-json\/wp\/v2\/product_tag?post=25289"}],"curies":[{"name":"wp","href":"https:\/\/api.w.org\/{rel}","templated":true}]}}