{"id":26936,"date":"2025-12-22T14:21:11","date_gmt":"2025-12-22T13:21:11","guid":{"rendered":"https:\/\/chrystele-lerisse.com\/?post_type=product&#038;p=26936"},"modified":"2026-01-12T14:22:04","modified_gmt":"2026-01-12T13:22:04","slug":"revoir-chez-dernier-telegramme","status":"publish","type":"product","link":"https:\/\/chrystele-lerisse.com\/en\/product\/revoir-chez-dernier-telegramme\/","title":{"rendered":"Re(voir), 2025"},"content":{"rendered":"<p>Chez Dernier T\u00e9l\u00e9gramme<br \/>\nLivre \u00e9dit\u00e9 \u00e0 200 exemplaires, 2025.<br \/>\n142 photographies noir et blanc argentiques, quatre s\u00e9ries de 1988\/1989\/1993\/2017 avec un texte de Jeffrey Lemon.<br \/>\ndernier.telegramme@gmx.fr<\/p>\n<p><em>\u00ab En explorant les quatre s\u00e9ries de photographies de Chryst\u00e8le Lerisse, 1988 sans titre \/1989 sans titre\/ 1993 sans titre \/ Solitudes des tables (2017), je ne peux m\u2019emp\u00eacher de relever que les qualit\u00e9s qu\u2019on trouve d\u2018ordinaire dans son travail sont pr\u00e9sentes ici encore dans ces s\u00e9ries pour les trois premi\u00e8res in\u00e9dites. \u00bb<\/em><\/p>\n<p>Prix public 30 \u20ac<\/p>","protected":false},"excerpt":{"rendered":"<p>Chez Dernier T\u00e9l\u00e9gramme<br \/>\nLivre \u00e9dit\u00e9 \u00e0 200 exemplaires, 2025.<br \/>\n142 photographies noir et blanc argentiques, quatre s\u00e9ries de 1988\/1989\/1993\/2017 avec un texte de Jeffrey Lemon.<br \/>\ndernier.telegramme@gmx.fr<\/p>\n<p>\u00ab En explorant les quatre s\u00e9ries de photographies de Chryst\u00e8le Lerisse, 1988 sans titre \/1989 sans titre\/ 1993 sans titre \/ Solitudes des tables (2017), je ne peux m\u2019emp\u00eacher de relever que les qualit\u00e9s qu\u2019on trouve d\u2018ordinaire dans son travail sont pr\u00e9sentes ici encore dans ces s\u00e9ries pour les trois premi\u00e8res in\u00e9dites. \u00bb<\/p>\n<p>Prix public 30 \u20ac<\/p>","protected":false},"featured_media":26832,"template":"","meta":{"wds_primary_product_brand":0,"wds_primary_product_cat":0},"product_brand":[],"product_cat":[111,91,114],"product_tag":[],"class_list":{"0":"post-26936","1":"product","2":"type-product","3":"status-publish","4":"has-post-thumbnail","6":"product_cat-livres-sur-chrystele-lerisse","7":"product_cat-non-classe","8":"product_cat-publications-ouvrages-collectifs","9":"mtheme-hover-thumbnail","11":"first","12":"instock","13":"taxable","14":"shipping-taxable","15":"purchasable","16":"product-type-simple"},"_links":{"self":[{"href":"https:\/\/chrystele-lerisse.com\/en\/wp-json\/wp\/v2\/product\/26936","targetHints":{"allow":["GET"]}}],"collection":[{"href":"https:\/\/chrystele-lerisse.com\/en\/wp-json\/wp\/v2\/product"}],"about":[{"href":"https:\/\/chrystele-lerisse.com\/en\/wp-json\/wp\/v2\/types\/product"}],"version-history":[{"count":2,"href":"https:\/\/chrystele-lerisse.com\/en\/wp-json\/wp\/v2\/product\/26936\/revisions"}],"predecessor-version":[{"id":27155,"href":"https:\/\/chrystele-lerisse.com\/en\/wp-json\/wp\/v2\/product\/26936\/revisions\/27155"}],"wp:featuredmedia":[{"embeddable":true,"href":"https:\/\/chrystele-lerisse.com\/en\/wp-json\/wp\/v2\/media\/26832"}],"wp:attachment":[{"href":"https:\/\/chrystele-lerisse.com\/en\/wp-json\/wp\/v2\/media?parent=26936"}],"wp:term":[{"taxonomy":"product_brand","embeddable":true,"href":"https:\/\/chrystele-lerisse.com\/en\/wp-json\/wp\/v2\/product_brand?post=26936"},{"taxonomy":"product_cat","embeddable":true,"href":"https:\/\/chrystele-lerisse.com\/en\/wp-json\/wp\/v2\/product_cat?post=26936"},{"taxonomy":"product_tag","embeddable":true,"href":"https:\/\/chrystele-lerisse.com\/en\/wp-json\/wp\/v2\/product_tag?post=26936"}],"curies":[{"name":"wp","href":"https:\/\/api.w.org\/{rel}","templated":true}]}}