{"id":3447,"date":"2020-04-15T15:12:30","date_gmt":"2020-04-15T13:12:30","guid":{"rendered":"https:\/\/chrystele-lerisse.dev.pxl.us\/?post_type=product&#038;p=3447"},"modified":"2022-05-10T17:19:46","modified_gmt":"2022-05-10T15:19:46","slug":"domus-2007","status":"publish","type":"product","link":"https:\/\/chrystele-lerisse.com\/en\/product\/domus-2007\/","title":{"rendered":"domus, 2007"},"content":{"rendered":"<ul>\n<li><em>102 photographies noir et blanc de Chryst\u00e8le Lerisse, 6&#215;6 cm, 2005 \u00e0 2007<\/em><\/li>\n<li><em>Texte Jacques Victor Giraud<\/em><\/li>\n<li><em>72 pages format 16,5 x 21 cm \u00e0 la fran\u00e7aise<\/em><\/li>\n<li><em>Couverture souple avec rabats &#8211; Impression bichromie<\/em><\/li>\n<li><em>Tir\u00e9e \u00e0 1 500 exemplaires <\/em><\/li>\n<li><em>Editeur\u00a0: baudoin lebon \u00e9diteur, Paris 2007<\/em><\/li>\n<\/ul>\n<p><em>ISBN 2-87688-057-1<\/em><\/p>","protected":false},"excerpt":{"rendered":"<p><em>domus<\/em> est la continuit\u00e9 d\u2019un travail sur le paysage architectural amorc\u00e9 en 2003, visible dans le livre <em>De<\/em> <em>gr\u00e2ce, ce pas dans l\u2019absence en quoi tout demeure<\/em> chez baudoin lebon \u00e9diteur, 2005. Il est accompagn\u00e9 par un tr\u00e8s beau texte de Jacques Victor Giraud, artiste, fondateur et directeur du Lieu d\u2019art ArtBoretum \u00e0 Argenton sur Creuse de 2000 \u00e0 2019.<\/p>","protected":false},"featured_media":3860,"template":"","meta":{"wds_primary_product_brand":0,"wds_primary_product_cat":0},"product_brand":[],"product_cat":[93],"product_tag":[97],"class_list":{"0":"post-3447","1":"product","2":"type-product","3":"status-publish","4":"has-post-thumbnail","6":"product_cat-monographies","7":"product_tag-97","8":"product_shipping_class-500-g","9":"mtheme-hover-thumbnail","11":"first","12":"instock","13":"taxable","14":"shipping-taxable","15":"purchasable","16":"product-type-simple"},"_links":{"self":[{"href":"https:\/\/chrystele-lerisse.com\/en\/wp-json\/wp\/v2\/product\/3447","targetHints":{"allow":["GET"]}}],"collection":[{"href":"https:\/\/chrystele-lerisse.com\/en\/wp-json\/wp\/v2\/product"}],"about":[{"href":"https:\/\/chrystele-lerisse.com\/en\/wp-json\/wp\/v2\/types\/product"}],"version-history":[{"count":0,"href":"https:\/\/chrystele-lerisse.com\/en\/wp-json\/wp\/v2\/product\/3447\/revisions"}],"wp:featuredmedia":[{"embeddable":true,"href":"https:\/\/chrystele-lerisse.com\/en\/wp-json\/wp\/v2\/media\/3860"}],"wp:attachment":[{"href":"https:\/\/chrystele-lerisse.com\/en\/wp-json\/wp\/v2\/media?parent=3447"}],"wp:term":[{"taxonomy":"product_brand","embeddable":true,"href":"https:\/\/chrystele-lerisse.com\/en\/wp-json\/wp\/v2\/product_brand?post=3447"},{"taxonomy":"product_cat","embeddable":true,"href":"https:\/\/chrystele-lerisse.com\/en\/wp-json\/wp\/v2\/product_cat?post=3447"},{"taxonomy":"product_tag","embeddable":true,"href":"https:\/\/chrystele-lerisse.com\/en\/wp-json\/wp\/v2\/product_tag?post=3447"}],"curies":[{"name":"wp","href":"https:\/\/api.w.org\/{rel}","templated":true}]}}