{"id":3456,"date":"2020-04-15T15:23:18","date_gmt":"2020-04-15T13:23:18","guid":{"rendered":"https:\/\/chrystele-lerisse.dev.pxl.us\/?post_type=product&#038;p=3456"},"modified":"2022-05-10T17:06:50","modified_gmt":"2022-05-10T15:06:50","slug":"pas-plus-quaujourdhui-la-terre-netait-certaine-absente-du-jour-a-la-nuit-derobee-2003","status":"publish","type":"product","link":"https:\/\/chrystele-lerisse.com\/en\/product\/pas-plus-quaujourdhui-la-terre-netait-certaine-absente-du-jour-a-la-nuit-derobee-2003\/","title":{"rendered":"Pas plus qu\u2019aujourd\u2019hui la terre n\u2019\u00e9tait certaine, absente du jour \u00e0 la nuit d\u00e9rob\u00e9e., 2003"},"content":{"rendered":"<ul>\n<li><em>64 photographies noir et blanc de Chryst\u00e8le Lerisse, 6&#215;6 cm, 2001 et 2002<\/em><\/li>\n<li><em>88 pages format 16 x 18 cm \u00e0 la fran\u00e7aise<\/em><\/li>\n<li><em>Couverture souple avec rabats &#8211; Impression bichromie<\/em><\/li>\n<li><em>Tir\u00e9e \u00e0 1 000 exemplaires <\/em><\/li>\n<li><em>Editeur\u00a0: CC Jean Gagnant, Limoges, 2003<\/em><\/li>\n<\/ul>\n<p><em>ISBN non connu<\/em><\/p>","protected":false},"excerpt":{"rendered":"<p>Sans texte, simplement une phrase d\u2019Yves Adenis, le titre du livre, et les photographies de Chryst\u00e8le Lerisse.<\/p>","protected":false},"featured_media":3849,"template":"","meta":{"wds_primary_product_brand":0,"wds_primary_product_cat":0},"product_brand":[],"product_cat":[93],"product_tag":[100],"class_list":{"0":"post-3456","1":"product","2":"type-product","3":"status-publish","4":"has-post-thumbnail","6":"product_cat-monographies","7":"product_tag-100","8":"product_shipping_class-500-g","9":"mtheme-hover-thumbnail","11":"first","12":"instock","13":"taxable","14":"shipping-taxable","15":"purchasable","16":"product-type-simple"},"_links":{"self":[{"href":"https:\/\/chrystele-lerisse.com\/en\/wp-json\/wp\/v2\/product\/3456","targetHints":{"allow":["GET"]}}],"collection":[{"href":"https:\/\/chrystele-lerisse.com\/en\/wp-json\/wp\/v2\/product"}],"about":[{"href":"https:\/\/chrystele-lerisse.com\/en\/wp-json\/wp\/v2\/types\/product"}],"version-history":[{"count":0,"href":"https:\/\/chrystele-lerisse.com\/en\/wp-json\/wp\/v2\/product\/3456\/revisions"}],"wp:featuredmedia":[{"embeddable":true,"href":"https:\/\/chrystele-lerisse.com\/en\/wp-json\/wp\/v2\/media\/3849"}],"wp:attachment":[{"href":"https:\/\/chrystele-lerisse.com\/en\/wp-json\/wp\/v2\/media?parent=3456"}],"wp:term":[{"taxonomy":"product_brand","embeddable":true,"href":"https:\/\/chrystele-lerisse.com\/en\/wp-json\/wp\/v2\/product_brand?post=3456"},{"taxonomy":"product_cat","embeddable":true,"href":"https:\/\/chrystele-lerisse.com\/en\/wp-json\/wp\/v2\/product_cat?post=3456"},{"taxonomy":"product_tag","embeddable":true,"href":"https:\/\/chrystele-lerisse.com\/en\/wp-json\/wp\/v2\/product_tag?post=3456"}],"curies":[{"name":"wp","href":"https:\/\/api.w.org\/{rel}","templated":true}]}}