{"id":3461,"date":"2020-04-15T15:27:28","date_gmt":"2020-04-15T13:27:28","guid":{"rendered":"https:\/\/chrystele-lerisse.dev.pxl.us\/?post_type=product&#038;p=3461"},"modified":"2022-05-10T16:58:32","modified_gmt":"2022-05-10T14:58:32","slug":"interieurs-2001","status":"publish","type":"product","link":"https:\/\/chrystele-lerisse.com\/en\/product\/interieurs-2001\/","title":{"rendered":"Int\u00e9rieur(s), 2001"},"content":{"rendered":"<ul>\n<li><em>60 photographies noir et blanc de Chryst\u00e8le Lerisse, 6&#215;2 cm, 1999-2000<\/em><\/li>\n<li><em>Texte Guillaume Deslandres<\/em><\/li>\n<li><em>88 pages format 18 x 13 cm \u00e0 l\u2019italienne<\/em><\/li>\n<li><em>Couverture souple &#8211; Impression bichromie<\/em><\/li>\n<li><em>Tir\u00e9e \u00e0 1 000 exemplaires <\/em><\/li>\n<li><em>Editeur\u00a0: baudoin lebon \u00e9diteur, Paris, 2001<\/em><\/li>\n<\/ul>\n<p><em>ISBN 2-87688-033-4<\/em><\/p>","protected":false},"excerpt":{"rendered":"<p>En 1999, Chryst\u00e8le Lerisse arrive dans son nouvel atelier. Elle d\u00e9cide de se l\u2019approprier en le photographiant. Cela donne <em>Int\u00e9rieur(s<\/em>). Chryst\u00e8le utilise l\u00e0, pour la premi\u00e8re fois, un format panoramique 6&#215;2 cm.<\/p>","protected":false},"featured_media":3850,"template":"","meta":{"wds_primary_product_brand":0,"wds_primary_product_cat":0},"product_brand":[],"product_cat":[93],"product_tag":[101],"class_list":{"0":"post-3461","1":"product","2":"type-product","3":"status-publish","4":"has-post-thumbnail","6":"product_cat-monographies","7":"product_tag-101","8":"product_shipping_class-750-g","9":"mtheme-hover-thumbnail","11":"first","12":"instock","13":"taxable","14":"shipping-taxable","15":"purchasable","16":"product-type-simple"},"_links":{"self":[{"href":"https:\/\/chrystele-lerisse.com\/en\/wp-json\/wp\/v2\/product\/3461","targetHints":{"allow":["GET"]}}],"collection":[{"href":"https:\/\/chrystele-lerisse.com\/en\/wp-json\/wp\/v2\/product"}],"about":[{"href":"https:\/\/chrystele-lerisse.com\/en\/wp-json\/wp\/v2\/types\/product"}],"version-history":[{"count":0,"href":"https:\/\/chrystele-lerisse.com\/en\/wp-json\/wp\/v2\/product\/3461\/revisions"}],"wp:featuredmedia":[{"embeddable":true,"href":"https:\/\/chrystele-lerisse.com\/en\/wp-json\/wp\/v2\/media\/3850"}],"wp:attachment":[{"href":"https:\/\/chrystele-lerisse.com\/en\/wp-json\/wp\/v2\/media?parent=3461"}],"wp:term":[{"taxonomy":"product_brand","embeddable":true,"href":"https:\/\/chrystele-lerisse.com\/en\/wp-json\/wp\/v2\/product_brand?post=3461"},{"taxonomy":"product_cat","embeddable":true,"href":"https:\/\/chrystele-lerisse.com\/en\/wp-json\/wp\/v2\/product_cat?post=3461"},{"taxonomy":"product_tag","embeddable":true,"href":"https:\/\/chrystele-lerisse.com\/en\/wp-json\/wp\/v2\/product_tag?post=3461"}],"curies":[{"name":"wp","href":"https:\/\/api.w.org\/{rel}","templated":true}]}}