{"id":3464,"date":"2020-04-15T15:32:42","date_gmt":"2020-04-15T13:32:42","guid":{"rendered":"https:\/\/chrystele-lerisse.dev.pxl.us\/?post_type=product&#038;p=3464"},"modified":"2022-05-12T20:33:42","modified_gmt":"2022-05-12T18:33:42","slug":"photographies-1995-1998-1999","status":"publish","type":"product","link":"https:\/\/chrystele-lerisse.com\/en\/product\/photographies-1995-1998-1999\/","title":{"rendered":"Photographies 1995 \u2013 1998, 1999"},"content":{"rendered":"<ul>\n<li><em>64 photographies noir et blanc de Chryst\u00e8le Lerisse, 6&#215;6 cm, 1995 \u00e0 1998<\/em><\/li>\n<li><em>Texte Marc Vaudey<\/em><\/li>\n<li><em>88 pages format 16 x 21,5 cm \u00e0 la fran\u00e7aise<\/em><\/li>\n<li><em>Couverture souple avec rabats &#8211; Impression bichromie<\/em><\/li>\n<li><em>Tir\u00e9e \u00e0 1 000 exemplaires <\/em><\/li>\n<li><em>Editeur\u00a0:\u00a0Mus\u00e9e Fran\u00e7ais de la Photographie, Bi\u00e8vres, 1999<\/em><\/li>\n<\/ul>\n<p><em>ISBN 2-9513659-0-x<\/em><\/p>","protected":false},"excerpt":{"rendered":"<p>En 1999, le mus\u00e9e Fran\u00e7ais de la Photographie invite l\u2019artiste Chryst\u00e8le Lerisse pour une exposition de son travail de 1995 \u00e0 1998. De cette rencontre na\u00eet un livre dont Marc Vaudey accompagne les photographies d\u2019un texte pertinent.<\/p>","protected":false},"featured_media":3851,"template":"","meta":{"wds_primary_product_brand":0,"wds_primary_product_cat":0},"product_brand":[],"product_cat":[93],"product_tag":[102],"class_list":{"0":"post-3464","1":"product","2":"type-product","3":"status-publish","4":"has-post-thumbnail","6":"product_cat-monographies","7":"product_tag-102","8":"product_shipping_class-500-g","9":"mtheme-hover-thumbnail","11":"first","12":"instock","13":"taxable","14":"shipping-taxable","15":"purchasable","16":"product-type-simple"},"_links":{"self":[{"href":"https:\/\/chrystele-lerisse.com\/en\/wp-json\/wp\/v2\/product\/3464","targetHints":{"allow":["GET"]}}],"collection":[{"href":"https:\/\/chrystele-lerisse.com\/en\/wp-json\/wp\/v2\/product"}],"about":[{"href":"https:\/\/chrystele-lerisse.com\/en\/wp-json\/wp\/v2\/types\/product"}],"version-history":[{"count":0,"href":"https:\/\/chrystele-lerisse.com\/en\/wp-json\/wp\/v2\/product\/3464\/revisions"}],"wp:featuredmedia":[{"embeddable":true,"href":"https:\/\/chrystele-lerisse.com\/en\/wp-json\/wp\/v2\/media\/3851"}],"wp:attachment":[{"href":"https:\/\/chrystele-lerisse.com\/en\/wp-json\/wp\/v2\/media?parent=3464"}],"wp:term":[{"taxonomy":"product_brand","embeddable":true,"href":"https:\/\/chrystele-lerisse.com\/en\/wp-json\/wp\/v2\/product_brand?post=3464"},{"taxonomy":"product_cat","embeddable":true,"href":"https:\/\/chrystele-lerisse.com\/en\/wp-json\/wp\/v2\/product_cat?post=3464"},{"taxonomy":"product_tag","embeddable":true,"href":"https:\/\/chrystele-lerisse.com\/en\/wp-json\/wp\/v2\/product_tag?post=3464"}],"curies":[{"name":"wp","href":"https:\/\/api.w.org\/{rel}","templated":true}]}}