{"id":3467,"date":"2020-04-15T15:38:05","date_gmt":"2020-04-15T13:38:05","guid":{"rendered":"https:\/\/chrystele-lerisse.dev.pxl.us\/?post_type=product&#038;p=3467"},"modified":"2026-01-22T14:02:20","modified_gmt":"2026-01-22T13:02:20","slug":"surimpression-1998","status":"publish","type":"product","link":"https:\/\/chrystele-lerisse.com\/en\/product\/surimpression-1998\/","title":{"rendered":"surimpression, 1998"},"content":{"rendered":"<ul>\n<li><em>22 photographies noir et blanc de Chryst\u00e8le Lerisse, 6&#215;6 cm, 1995<\/em><\/li>\n<li><em>Texte Eric Meuni\u00e9<\/em><\/li>\n<li><em>48 pages format 16 x 16 cm <\/em><\/li>\n<li><em>Couverture souple avec rabats &#8211; Impression bichromie<\/em><\/li>\n<li><em>Tir\u00e9e \u00e0 500 exemplaires <\/em><\/li>\n<li><em>Editeur\u00a0: Editeur\u00a0: CREAPHIS, Gr\u00e2ne, 1998<\/em><\/li>\n<\/ul>\n<p><em>ISBN 2-907-150-73-1<\/em><\/p>","protected":false},"excerpt":{"rendered":"<p><em>surimpression<\/em> est une approche de la lumi\u00e8re r\u00e9alis\u00e9e d\u2019apr\u00e8s un s\u00e9jour en Ecosse en 1995. Chryst\u00e8le Lerisse a re\u00e7u pour ce travail une bourse d\u2019aide \u00e0 la Recherche \u00e0 l\u2019Etranger du Minist\u00e8re de la culture en 1995. Eric Meuni\u00e9 l\u2019accompagne avec sa vision sur la photographie.<\/p>","protected":false},"featured_media":3852,"template":"","meta":{"wds_primary_product_brand":0,"wds_primary_product_cat":0},"product_brand":[],"product_cat":[93],"product_tag":[103],"class_list":{"0":"post-3467","1":"product","2":"type-product","3":"status-publish","4":"has-post-thumbnail","6":"product_cat-monographies","7":"product_tag-103","8":"mtheme-hover-thumbnail","10":"first","11":"instock","12":"purchasable","13":"product-type-simple"},"_links":{"self":[{"href":"https:\/\/chrystele-lerisse.com\/en\/wp-json\/wp\/v2\/product\/3467","targetHints":{"allow":["GET"]}}],"collection":[{"href":"https:\/\/chrystele-lerisse.com\/en\/wp-json\/wp\/v2\/product"}],"about":[{"href":"https:\/\/chrystele-lerisse.com\/en\/wp-json\/wp\/v2\/types\/product"}],"version-history":[{"count":1,"href":"https:\/\/chrystele-lerisse.com\/en\/wp-json\/wp\/v2\/product\/3467\/revisions"}],"predecessor-version":[{"id":27313,"href":"https:\/\/chrystele-lerisse.com\/en\/wp-json\/wp\/v2\/product\/3467\/revisions\/27313"}],"wp:featuredmedia":[{"embeddable":true,"href":"https:\/\/chrystele-lerisse.com\/en\/wp-json\/wp\/v2\/media\/3852"}],"wp:attachment":[{"href":"https:\/\/chrystele-lerisse.com\/en\/wp-json\/wp\/v2\/media?parent=3467"}],"wp:term":[{"taxonomy":"product_brand","embeddable":true,"href":"https:\/\/chrystele-lerisse.com\/en\/wp-json\/wp\/v2\/product_brand?post=3467"},{"taxonomy":"product_cat","embeddable":true,"href":"https:\/\/chrystele-lerisse.com\/en\/wp-json\/wp\/v2\/product_cat?post=3467"},{"taxonomy":"product_tag","embeddable":true,"href":"https:\/\/chrystele-lerisse.com\/en\/wp-json\/wp\/v2\/product_tag?post=3467"}],"curies":[{"name":"wp","href":"https:\/\/api.w.org\/{rel}","templated":true}]}}