{"id":3478,"date":"2020-04-15T16:06:31","date_gmt":"2020-04-15T14:06:31","guid":{"rendered":"https:\/\/chrystele-lerisse.dev.pxl.us\/?post_type=product&#038;p=3478"},"modified":"2022-05-12T20:34:30","modified_gmt":"2022-05-12T18:34:30","slug":"lumieres-mouvantes-1998","status":"publish","type":"product","link":"https:\/\/chrystele-lerisse.com\/en\/product\/lumieres-mouvantes-1998\/","title":{"rendered":"Lumi\u00e8res mouvantes, 1993"},"content":{"rendered":"<ul>\n<li><em>10 photographies noir et blanc de Chryst\u00e8le Lerisse, 9&#215;9 cm, 1991-1992<\/em><\/li>\n<li><em>Texte Marc Vaudey<\/em><\/li>\n<li><em>38 pages format 15 x 15 cm <\/em><\/li>\n<li><em>Couverture souple &#8211; Impression bichromie<\/em><\/li>\n<li><em>Tir\u00e9e \u00e0 500 exemplaires <\/em><\/li>\n<li><em>Editeur\u00a0: Maison de l\u2019Art et de la Communication, Sallaumines, 1998<\/em><\/li>\n<\/ul>\n<p><em>ISBN non connu<\/em><\/p>","protected":false},"excerpt":{"rendered":"<p><em>Lumi\u00e8res mouvantes <\/em>est une reprise du travail photographique de Chryst\u00e8le Lerisse \u00e9dit\u00e9 dans <em>ABRASION<\/em>. Marc Vaudey y \u00e9crit sa vision.<\/p>","protected":false},"featured_media":3480,"template":"","meta":{"wds_primary_product_brand":0,"wds_primary_product_cat":0},"product_brand":[],"product_cat":[93],"product_tag":[103],"class_list":{"0":"post-3478","1":"product","2":"type-product","3":"status-publish","4":"has-post-thumbnail","6":"product_cat-monographies","7":"product_tag-103","9":"first","10":"outofstock","11":"taxable","12":"shipping-taxable","13":"purchasable","14":"product-type-simple"},"_links":{"self":[{"href":"https:\/\/chrystele-lerisse.com\/en\/wp-json\/wp\/v2\/product\/3478","targetHints":{"allow":["GET"]}}],"collection":[{"href":"https:\/\/chrystele-lerisse.com\/en\/wp-json\/wp\/v2\/product"}],"about":[{"href":"https:\/\/chrystele-lerisse.com\/en\/wp-json\/wp\/v2\/types\/product"}],"version-history":[{"count":0,"href":"https:\/\/chrystele-lerisse.com\/en\/wp-json\/wp\/v2\/product\/3478\/revisions"}],"wp:featuredmedia":[{"embeddable":true,"href":"https:\/\/chrystele-lerisse.com\/en\/wp-json\/wp\/v2\/media\/3480"}],"wp:attachment":[{"href":"https:\/\/chrystele-lerisse.com\/en\/wp-json\/wp\/v2\/media?parent=3478"}],"wp:term":[{"taxonomy":"product_brand","embeddable":true,"href":"https:\/\/chrystele-lerisse.com\/en\/wp-json\/wp\/v2\/product_brand?post=3478"},{"taxonomy":"product_cat","embeddable":true,"href":"https:\/\/chrystele-lerisse.com\/en\/wp-json\/wp\/v2\/product_cat?post=3478"},{"taxonomy":"product_tag","embeddable":true,"href":"https:\/\/chrystele-lerisse.com\/en\/wp-json\/wp\/v2\/product_tag?post=3478"}],"curies":[{"name":"wp","href":"https:\/\/api.w.org\/{rel}","templated":true}]}}