{"id":3481,"date":"2020-04-15T16:10:06","date_gmt":"2020-04-15T14:10:06","guid":{"rendered":"https:\/\/chrystele-lerisse.dev.pxl.us\/?post_type=product&#038;p=3481"},"modified":"2026-01-22T13:55:53","modified_gmt":"2026-01-22T12:55:53","slug":"decembre-1997","status":"publish","type":"product","link":"https:\/\/chrystele-lerisse.com\/en\/product\/decembre-1997\/","title":{"rendered":"d\u00e9cembre 1997"},"content":{"rendered":"<ul>\n<li><em>22 photographies noir et blanc de Chryst\u00e8le Lerisse, 6&#215;6 cm de 1997 <\/em><\/li>\n<li><em>Pr\u00e9face Catherine Trautmann Ministre de la culture et de la communication de 1997 \u00e0 2000 et Jacques Barrel Pr\u00e9fet de R\u00e9gion Centre.<\/em><\/li>\n<li><em>Texte Alain Marais, Directeur de la DRAC Centre de 1994 \u00e0 1999.<\/em><\/li>\n<li><em>24 pages format 23 x 21 cm \u00e0 l\u2019italienne<\/em><\/li>\n<li><em>Couverture souple avec rabats &#8211; Impression bichromie<\/em><\/li>\n<li><em>Tir\u00e9e \u00e0 3 150 exemplaires dont 150 exemplaires num\u00e9rot\u00e9s de 1 \u00e0 150<\/em><\/li>\n<li><em>Editeur\u00a0: DRAC Centre, Orl\u00e9ans, 1997<\/em><\/li>\n<\/ul>\n<p><em>ISBN non connu<\/em><\/p>","protected":false},"excerpt":{"rendered":"<p>La DRAC Centre, sous l\u2019impulsion de son directeur Alain Marais, souhaitait acter la date anniversaire des 20 ans des DRAC en France en donnant une lecture non documentaire de son lieu. Il a fait appel \u00e0 Chryst\u00e8le Lerisse qui a donn\u00e9 sa vision subjective de la DRAC Centre.<\/p>","protected":false},"featured_media":3853,"template":"","meta":{"wds_primary_product_brand":0,"wds_primary_product_cat":0},"product_brand":[],"product_cat":[93],"product_tag":[104],"class_list":{"0":"post-3481","1":"product","2":"type-product","3":"status-publish","4":"has-post-thumbnail","6":"product_cat-monographies","7":"product_tag-104","8":"product_shipping_class-500-g","9":"mtheme-hover-thumbnail","11":"first","12":"instock","13":"purchasable","14":"product-type-simple"},"_links":{"self":[{"href":"https:\/\/chrystele-lerisse.com\/en\/wp-json\/wp\/v2\/product\/3481","targetHints":{"allow":["GET"]}}],"collection":[{"href":"https:\/\/chrystele-lerisse.com\/en\/wp-json\/wp\/v2\/product"}],"about":[{"href":"https:\/\/chrystele-lerisse.com\/en\/wp-json\/wp\/v2\/types\/product"}],"version-history":[{"count":1,"href":"https:\/\/chrystele-lerisse.com\/en\/wp-json\/wp\/v2\/product\/3481\/revisions"}],"predecessor-version":[{"id":27310,"href":"https:\/\/chrystele-lerisse.com\/en\/wp-json\/wp\/v2\/product\/3481\/revisions\/27310"}],"wp:featuredmedia":[{"embeddable":true,"href":"https:\/\/chrystele-lerisse.com\/en\/wp-json\/wp\/v2\/media\/3853"}],"wp:attachment":[{"href":"https:\/\/chrystele-lerisse.com\/en\/wp-json\/wp\/v2\/media?parent=3481"}],"wp:term":[{"taxonomy":"product_brand","embeddable":true,"href":"https:\/\/chrystele-lerisse.com\/en\/wp-json\/wp\/v2\/product_brand?post=3481"},{"taxonomy":"product_cat","embeddable":true,"href":"https:\/\/chrystele-lerisse.com\/en\/wp-json\/wp\/v2\/product_cat?post=3481"},{"taxonomy":"product_tag","embeddable":true,"href":"https:\/\/chrystele-lerisse.com\/en\/wp-json\/wp\/v2\/product_tag?post=3481"}],"curies":[{"name":"wp","href":"https:\/\/api.w.org\/{rel}","templated":true}]}}