{"id":3490,"date":"2020-04-15T16:19:50","date_gmt":"2020-04-15T14:19:50","guid":{"rendered":"https:\/\/chrystele-lerisse.dev.pxl.us\/?post_type=product&#038;p=3490"},"modified":"2026-01-21T14:12:12","modified_gmt":"2026-01-21T13:12:12","slug":"abrasion-1992","status":"publish","type":"product","link":"https:\/\/chrystele-lerisse.com\/en\/product\/abrasion-1992\/","title":{"rendered":"ABRASION, 1992"},"content":{"rendered":"<ul>\n<li><em>7 photographies noir et blanc de Chryst\u00e8le Lerisse, 9&#215;9 cm de 1991 et 1992 <\/em><\/li>\n<li><em>Texte Bernard Weber<\/em><\/li>\n<li><em>24 pages format 19 x 19 cm<\/em><\/li>\n<li><em>Couverture souple avec rabats &#8211; Impression bichromie<\/em><\/li>\n<li><em>Tir\u00e9e \u00e0 1000 exemplaires <\/em><\/li>\n<li><em>Editeur\u00a0: Editions PNR de la Montagne de Reims, 1992<\/em><\/li>\n<\/ul>\n<p><em>ISBN non connu<\/em><\/p>","protected":false},"excerpt":{"rendered":"<p><em>ABRASION<\/em> contient une partie du travail r\u00e9alis\u00e9 par Chryst\u00e8le Lerisse lors de sa r\u00e9sidence d\u2019artiste en Champagne Ardenne en 1991\/1992. Bernard Weber rencontre l\u2019artiste lors de cette r\u00e9sidence\u00a0 et il d\u00e9cide d\u2019\u00e9crire le texte du livre.<\/p>","protected":false},"featured_media":3855,"template":"","meta":{"wds_primary_product_brand":0,"wds_primary_product_cat":0},"product_brand":[],"product_cat":[93],"product_tag":[107],"class_list":{"0":"post-3490","1":"product","2":"type-product","3":"status-publish","4":"has-post-thumbnail","6":"product_cat-monographies","7":"product_tag-107","8":"product_shipping_class-250-g","9":"mtheme-hover-thumbnail","11":"first","12":"instock","13":"purchasable","14":"product-type-simple"},"_links":{"self":[{"href":"https:\/\/chrystele-lerisse.com\/en\/wp-json\/wp\/v2\/product\/3490","targetHints":{"allow":["GET"]}}],"collection":[{"href":"https:\/\/chrystele-lerisse.com\/en\/wp-json\/wp\/v2\/product"}],"about":[{"href":"https:\/\/chrystele-lerisse.com\/en\/wp-json\/wp\/v2\/types\/product"}],"version-history":[{"count":1,"href":"https:\/\/chrystele-lerisse.com\/en\/wp-json\/wp\/v2\/product\/3490\/revisions"}],"predecessor-version":[{"id":27274,"href":"https:\/\/chrystele-lerisse.com\/en\/wp-json\/wp\/v2\/product\/3490\/revisions\/27274"}],"wp:featuredmedia":[{"embeddable":true,"href":"https:\/\/chrystele-lerisse.com\/en\/wp-json\/wp\/v2\/media\/3855"}],"wp:attachment":[{"href":"https:\/\/chrystele-lerisse.com\/en\/wp-json\/wp\/v2\/media?parent=3490"}],"wp:term":[{"taxonomy":"product_brand","embeddable":true,"href":"https:\/\/chrystele-lerisse.com\/en\/wp-json\/wp\/v2\/product_brand?post=3490"},{"taxonomy":"product_cat","embeddable":true,"href":"https:\/\/chrystele-lerisse.com\/en\/wp-json\/wp\/v2\/product_cat?post=3490"},{"taxonomy":"product_tag","embeddable":true,"href":"https:\/\/chrystele-lerisse.com\/en\/wp-json\/wp\/v2\/product_tag?post=3490"}],"curies":[{"name":"wp","href":"https:\/\/api.w.org\/{rel}","templated":true}]}}