{"id":5460,"date":"2020-04-14T21:34:05","date_gmt":"2020-04-14T19:34:05","guid":{"rendered":"https:\/\/chrystele-lerisse.com\/?post_type=product&#038;p=5460"},"modified":"2026-01-21T14:14:41","modified_gmt":"2026-01-21T13:14:41","slug":"chrystele-lerisse-enter-into-photography-de-sam-basu","status":"publish","type":"product","link":"https:\/\/chrystele-lerisse.com\/en\/product\/chrystele-lerisse-enter-into-photography-de-sam-basu\/","title":{"rendered":"Chryst\u00e8le Lerisse, Enter into Photography de Sam Basu, 2021"},"content":{"rendered":"<ul>\n<li><em>Editeur : <span class=\"pg-1lsd\"><span class=\"pg-1fc1 pg-1sc0\">A<\/span><span class=\"pg-1fc1 pg-1sc0\">r<\/span><span class=\"pg-1fc1 pg-1sc0\">t<\/span><span class=\"pg-1fc1 pg-1sc0\">z<\/span><span class=\"pg-1fc1 pg-1sc0\">o<\/span> <span class=\"pg-1fc1 pg-1sc0\">\u00e9<\/span><span class=\"pg-1fc1 pg-1sc0\">d<\/span><span class=\"pg-1fc1 pg-1sc0\">it<\/span><span class=\"pg-1fc1 pg-1sc0\">io<\/span><span class=\"pg-1fc1 pg-1sc0\">n<\/span><span class=\"pg-1fc1 pg-1sc0\">s<\/span> <span class=\"pg-1fc1 pg-1sc0\">2<\/span><span class=\"pg-1fc1 pg-1sc0\">0<\/span><span class=\"pg-1fc1 pg-1sc0\">2<\/span><span class=\"pg-1fc1 pg-1sc0\">1<\/span><span class=\"pg-1fc1 pg-1sc0\">, <\/span><span class=\"pg-1fc1 pg-1sc0\">t<\/span><span class=\"pg-1fc1 pg-1sc0\">r<\/span><span class=\"pg-1fc1 pg-1sc0\">a<\/span><span class=\"pg-1fc1 pg-1sc0\">d<\/span><span class=\"pg-1fc1 pg-1sc0\">u<\/span><span class=\"pg-1fc1 pg-1sc0\">c<\/span><span class=\"pg-1fc1 pg-1sc0\">t<\/span><span class=\"pg-1fc1 pg-1sc0\">io<\/span>n fran\u00e7ais J\u00e9r\u00f4me Felin<\/span><\/em><\/li>\n<\/ul>\n<p><em>ISBN n\u00b0 978-2-9567060-1-4 u<\/em><\/p>\n<div class=\"t pg-1m0 pg-1x0 pg-1h8 pg-1yf pg-1ff7 pg-1fs4 pg-1fc0 pg-1sc0 pg-1lsb pg-1ws0\"><\/div>","protected":false},"excerpt":{"rendered":"<p>This book is an analysis of the creativ e work of the artist Chryst\u00e8le Lerisse. It deals with a scientific axis of research on the plastic work of Lerisse, in the manner of a narrative. The author, Sam Basu, goes to find out where die artist Chryst\u00e8le Lerisse, cornes from.<br \/>\nThe narrative is accompanied by the unpublished presentation of four founding photographs of the anises work: the first two, taken at the age of six, in 1966, which announce her future research and work; one from 1979 which confirais her choice to enter photography in 1975; and finally the photograph that marks the break with her apprenticeship and her entry into the art world in 1985.<\/p>\n<p>Ce livre est une analyse du travail de cr\u00e9ation de l&rsquo;artiste Chryst\u00e8le Lerisse par Sam Basu. Prenant le parti de traiter l&rsquo;axe scientifique de recherche sur le travail plastique de Lerisse &#8211; \u00e0 la mani\u00e8re d&rsquo;un r\u00e9cit &#8211; l&rsquo;auteur, Sam Basu est all\u00e9 chercher d&rsquo;o\u00f9 venait l&rsquo;artiste Chryst\u00e8le Lerisse.<\/p>\n<p>Enter into Photography<br \/>\nLe r\u00e9cit est accompagn\u00e9 de la pr\u00e9sentation in\u00e9dite des quatre photographies fondatrices de l&rsquo;oeuvre de l&rsquo;artiste : les deux premi\u00e8res, r\u00e9alis\u00e9es \u00e0 l&rsquo;\u00e2ge de 6 ans en 1966, qui annoncent la recherche et l&rsquo;oeuvre futures ; celle de 1979 qui confirme son choix d&rsquo;\u00eatre entr\u00e9e en photographie en 1975 ; et enfin celle qui marque la rupture avec l&rsquo;apprentissage et son entr\u00e9e dans le monde de l&rsquo;art en 1985. ecd .e CA<\/p>","protected":false},"featured_media":5469,"template":"","meta":{"wds_primary_product_brand":0,"wds_primary_product_cat":0},"product_brand":[],"product_cat":[111,114],"product_tag":[183],"class_list":{"0":"post-5460","1":"product","2":"type-product","3":"status-publish","4":"has-post-thumbnail","6":"product_cat-livres-sur-chrystele-lerisse","7":"product_cat-publications-ouvrages-collectifs","8":"product_tag-183","9":"mtheme-hover-thumbnail","11":"first","12":"instock","13":"taxable","14":"shipping-taxable","15":"purchasable","16":"product-type-simple"},"_links":{"self":[{"href":"https:\/\/chrystele-lerisse.com\/en\/wp-json\/wp\/v2\/product\/5460","targetHints":{"allow":["GET"]}}],"collection":[{"href":"https:\/\/chrystele-lerisse.com\/en\/wp-json\/wp\/v2\/product"}],"about":[{"href":"https:\/\/chrystele-lerisse.com\/en\/wp-json\/wp\/v2\/types\/product"}],"version-history":[{"count":1,"href":"https:\/\/chrystele-lerisse.com\/en\/wp-json\/wp\/v2\/product\/5460\/revisions"}],"predecessor-version":[{"id":27275,"href":"https:\/\/chrystele-lerisse.com\/en\/wp-json\/wp\/v2\/product\/5460\/revisions\/27275"}],"wp:featuredmedia":[{"embeddable":true,"href":"https:\/\/chrystele-lerisse.com\/en\/wp-json\/wp\/v2\/media\/5469"}],"wp:attachment":[{"href":"https:\/\/chrystele-lerisse.com\/en\/wp-json\/wp\/v2\/media?parent=5460"}],"wp:term":[{"taxonomy":"product_brand","embeddable":true,"href":"https:\/\/chrystele-lerisse.com\/en\/wp-json\/wp\/v2\/product_brand?post=5460"},{"taxonomy":"product_cat","embeddable":true,"href":"https:\/\/chrystele-lerisse.com\/en\/wp-json\/wp\/v2\/product_cat?post=5460"},{"taxonomy":"product_tag","embeddable":true,"href":"https:\/\/chrystele-lerisse.com\/en\/wp-json\/wp\/v2\/product_tag?post=5460"}],"curies":[{"name":"wp","href":"https:\/\/api.w.org\/{rel}","templated":true}]}}