{"id":5979,"date":"2020-04-15T16:41:42","date_gmt":"2022-05-10T11:48:11","guid":{"rendered":"https:\/\/chrystele-lerisse.com\/produit\/chrystele-lerisse-transcending-absence\/"},"modified":"2026-01-08T13:14:05","modified_gmt":"2026-01-08T12:14:05","slug":"chrystele-lerisse-transcender-labsence-2011","status":"publish","type":"product","link":"https:\/\/chrystele-lerisse.com\/en\/product\/chrystele-lerisse-transcender-labsence-2011\/","title":{"rendered":"CHRYSTELE LERISSE, TRANSCENDING ABSENCE, 2011"},"content":{"rendered":"<ul>\n<li><em>Essay by J\u00e9r\u00f4me Felin, 2011<\/em><\/li>\n<li><em>35 black and white photographs by Chryst\u00e8le Lerisse, 6&#215;6, 9&#215;9, 2&#215;6, 6.5&#215;6.5, 9&#215;9 and 14&#215;14 cm, 1986 to 2008<\/em><\/li>\n<li><em>88 pages format 17.5 x 21.5 cm French style<\/em><\/li>\n<li><em>Hard cover &#8211; Duotone printing<\/em><\/li>\n<li><em>Edition of 1,000 copies <\/em><\/li>\n<li><em>Publisher: Trans Photographic Press, Paris, 2011<\/em><\/li>\n<\/ul>\n<p><em>ISBN 9-782913-176782<\/em><\/p>","protected":false},"excerpt":{"rendered":"<p>It was after his encounter with the work of Chryst\u00e8le Lerisse in 2006, when he was a visual arts adviser in Limousin, that J\u00e9r\u00f4me Felin wanted to write about the artist&rsquo;s work.<\/p>","protected":false},"featured_media":4445,"template":"","meta":{"wds_primary_product_brand":0,"wds_primary_product_cat":0},"product_brand":[],"product_cat":[189],"product_tag":[191],"class_list":{"0":"post-5979","1":"product","2":"type-product","3":"status-publish","4":"has-post-thumbnail","6":"product_cat-books-about-chrystele-lerisse","7":"product_tag-2011-en","8":"product_shipping_class-1kg","9":"mtheme-hover-thumbnail","11":"first","12":"instock","13":"purchasable","14":"product-type-simple"},"_links":{"self":[{"href":"https:\/\/chrystele-lerisse.com\/en\/wp-json\/wp\/v2\/product\/5979","targetHints":{"allow":["GET"]}}],"collection":[{"href":"https:\/\/chrystele-lerisse.com\/en\/wp-json\/wp\/v2\/product"}],"about":[{"href":"https:\/\/chrystele-lerisse.com\/en\/wp-json\/wp\/v2\/types\/product"}],"version-history":[{"count":1,"href":"https:\/\/chrystele-lerisse.com\/en\/wp-json\/wp\/v2\/product\/5979\/revisions"}],"predecessor-version":[{"id":27009,"href":"https:\/\/chrystele-lerisse.com\/en\/wp-json\/wp\/v2\/product\/5979\/revisions\/27009"}],"wp:featuredmedia":[{"embeddable":true,"href":"https:\/\/chrystele-lerisse.com\/en\/wp-json\/wp\/v2\/media\/4445"}],"wp:attachment":[{"href":"https:\/\/chrystele-lerisse.com\/en\/wp-json\/wp\/v2\/media?parent=5979"}],"wp:term":[{"taxonomy":"product_brand","embeddable":true,"href":"https:\/\/chrystele-lerisse.com\/en\/wp-json\/wp\/v2\/product_brand?post=5979"},{"taxonomy":"product_cat","embeddable":true,"href":"https:\/\/chrystele-lerisse.com\/en\/wp-json\/wp\/v2\/product_cat?post=5979"},{"taxonomy":"product_tag","embeddable":true,"href":"https:\/\/chrystele-lerisse.com\/en\/wp-json\/wp\/v2\/product_tag?post=5979"}],"curies":[{"name":"wp","href":"https:\/\/api.w.org\/{rel}","templated":true}]}}