{"id":6325,"date":"2022-06-22T09:54:01","date_gmt":"2022-06-22T07:54:01","guid":{"rendered":"https:\/\/chrystele-lerisse.com\/?post_type=product&#038;p=6325"},"modified":"2022-08-30T20:53:40","modified_gmt":"2022-08-30T18:53:40","slug":"jai-mise-sur-le-feu-2022-3","status":"publish","type":"product","link":"https:\/\/chrystele-lerisse.com\/en\/product\/jai-mise-sur-le-feu-2022-3\/","title":{"rendered":"J\u2019ai mis\u00e9 sur le feu, 2022"},"content":{"rendered":"<p>Roman de Cyril Herry et seize photographies de Chryst\u00e8le Lerisse<\/p>\n<p>Editions La Manufacture de livres, 2022<\/p>","protected":false},"excerpt":{"rendered":"<p>\u00c0 l\u2019aube de sa cinquanti\u00e8me ann\u00e9e, un \u00e9crivain d\u00e9cide de tout abandonner pour revenir sur les lieux o\u00f9 il a grandi, en pleine campagne, et renouer avec l\u2019enfant qu\u2019il a \u00e9t\u00e9 \u2013 cet enfant qui le tiraille depuis bien trop longtemps, parce que la vie des adultes l\u2019a affreusement d\u00e9\u00e7u.<br \/>\nDans ce r\u00e9cit m\u00e9taphorique et cruel inspir\u00e9 de photographies choisies de Chryst\u00e8le Lerisse, Cyril Herry jongle avec les sujets qui lui sont chers et que l\u2019on retrouve dans ses pr\u00e9c\u00e9dents romans : les liens \u00e0 l\u2019enfance et au temps in\u00e9luctable, son attachement \u00e0 la for\u00eat et aux lieux d\u00e9laiss\u00e9s, et ce fil rouge, fragile, qui d\u00e9limite la vie et la mort.<br \/>\nSeize photographies dont r\u00e9sultent les seize chapitres d\u2019un court texte noir et tranchant.<\/p>","protected":false},"featured_media":6189,"template":"","meta":{"wds_primary_product_brand":0,"wds_primary_product_cat":0},"product_brand":[],"product_cat":[114],"product_tag":[214],"class_list":{"0":"post-6325","1":"product","2":"type-product","3":"status-publish","4":"has-post-thumbnail","6":"product_cat-publications-ouvrages-collectifs","7":"product_tag-214","8":"product_shipping_class-1-kg","9":"mtheme-hover-thumbnail","11":"first","12":"instock","13":"purchasable","14":"product-type-simple"},"_links":{"self":[{"href":"https:\/\/chrystele-lerisse.com\/en\/wp-json\/wp\/v2\/product\/6325","targetHints":{"allow":["GET"]}}],"collection":[{"href":"https:\/\/chrystele-lerisse.com\/en\/wp-json\/wp\/v2\/product"}],"about":[{"href":"https:\/\/chrystele-lerisse.com\/en\/wp-json\/wp\/v2\/types\/product"}],"version-history":[{"count":0,"href":"https:\/\/chrystele-lerisse.com\/en\/wp-json\/wp\/v2\/product\/6325\/revisions"}],"wp:featuredmedia":[{"embeddable":true,"href":"https:\/\/chrystele-lerisse.com\/en\/wp-json\/wp\/v2\/media\/6189"}],"wp:attachment":[{"href":"https:\/\/chrystele-lerisse.com\/en\/wp-json\/wp\/v2\/media?parent=6325"}],"wp:term":[{"taxonomy":"product_brand","embeddable":true,"href":"https:\/\/chrystele-lerisse.com\/en\/wp-json\/wp\/v2\/product_brand?post=6325"},{"taxonomy":"product_cat","embeddable":true,"href":"https:\/\/chrystele-lerisse.com\/en\/wp-json\/wp\/v2\/product_cat?post=6325"},{"taxonomy":"product_tag","embeddable":true,"href":"https:\/\/chrystele-lerisse.com\/en\/wp-json\/wp\/v2\/product_tag?post=6325"}],"curies":[{"name":"wp","href":"https:\/\/api.w.org\/{rel}","templated":true}]}}