{"id":6334,"date":"2020-03-29T17:25:52","date_gmt":"2020-03-29T15:25:52","guid":{"rendered":"https:\/\/chrystele-lerisse.com\/?post_type=product&#038;p=6334"},"modified":"2022-06-22T11:18:43","modified_gmt":"2022-06-22T09:18:43","slug":"a-propos-2019-2","status":"publish","type":"product","link":"https:\/\/chrystele-lerisse.com\/en\/product\/a-propos-2019-2\/","title":{"rendered":"A-PROPOS, 2019"},"content":{"rendered":"<p>L\u2019\u00e9dition est une constante chez Chrystele Lerisse. Le livre fait partie de sa culture et du dispositif cr\u00e9atif de l\u2019artiste. Il est indissociable de son oeuvre depuis 1985. A chaque \u00e9dition r\u00e9alis\u00e9e, les photographies sont imprim\u00e9es \u00e0 tel \u2013 c\u2019est \u00e0 dire \u00e0 la taille de la photographie originale -. Le format choisi par Chryst\u00e8le Lerisser est en g\u00e9n\u00e9ral le 6\u00d76 cm : la composition vue sur le d\u00e9poli de son appareil photographique. Quelques exceptions parcourent le chemin de l\u2019artiste. Nous en d\u00e9couvrons dans le livre A-Propos.<br \/>\nExtrait du livre, deuxi\u00e8me de couverture (rabat lat\u00e9ral)<\/p>\n<ul>\n<li><em>62 photographies noir et blanc de Chryst\u00e8le Lerisse, 6&#215;6, 9&#215;9 et 7,8&#215;12 cm, 2015 \u00e0 2018<\/em><\/li>\n<li><em>Texte J\u00e9r\u00f4me Felin<\/em><\/li>\n<li><em>Ouvrage bilingue fran\u00e7ais \/ anglais<\/em><\/li>\n<li><em>96 pages format 21 x 27 cm \u00e0 la fran\u00e7aise<\/em><\/li>\n<li><em>Couverture souple avec rabats &#8211; Impression bichromie <span style=\"text-decoration: underline;\"><a href=\"http:\/\/www.escourbiac.com\/\">Escourbiac<\/a><\/span><\/em><\/li>\n<li><em>Tir\u00e9e \u00e0 300 exemplaires <\/em><\/li>\n<li><em>Editeur\u00a0: Artzo Editions, Saint Gilles les For\u00eats, et octobrenovembre \u00e9dition, Romagnat, 2019<\/em><\/li>\n<\/ul>\n<p><em>ISBN \u00a0978-2-9567060-0-7<\/em><\/p>","protected":false},"excerpt":{"rendered":"<p>Dans <em>A-PROPOS,<\/em> l\u2019artiste continue \u00e0 jouer du d\u00e9calage entre le format de la photographie et l\u2019immensit\u00e9 de ce qu\u2019elle donne \u00e0 voir. L\u2019identification visuelle de l\u2019objet photographi\u00e9 est possible, mais elle ne va pas toujours de soi. Chryst\u00e8le Lerisse est dans la continuit\u00e9 de son \u0153uvre o\u00f9 lumi\u00e8re, composition, cadrage, pr\u00e9texte sont cette relation d\u2019osmose et d\u2019opposition entre le photographi\u00e9 et le r\u00e9el que nous d\u00e9voilent ses photographies depuis plus de trente ans. Le format choisi par Chryst\u00e8le Lerisse est en g\u00e9n\u00e9ral le 6 x 6 cm : la composition vue sur le d\u00e9poli de son appareil photographique. Quelques exceptions parcourent le chemin de l\u2019artiste. Nous en d\u00e9couvrons dans le livre <em>A-PROPOS<\/em>.<\/p>","protected":false},"featured_media":3856,"template":"","meta":{"wds_primary_product_brand":0,"wds_primary_product_cat":0},"product_brand":[],"product_cat":[93],"product_tag":[96],"class_list":{"0":"post-6334","1":"product","2":"type-product","3":"status-publish","4":"has-post-thumbnail","6":"product_cat-monographies","7":"product_tag-96","8":"mtheme-hover-thumbnail","10":"first","11":"instock","12":"taxable","13":"shipping-taxable","14":"purchasable","15":"product-type-simple"},"_links":{"self":[{"href":"https:\/\/chrystele-lerisse.com\/en\/wp-json\/wp\/v2\/product\/6334","targetHints":{"allow":["GET"]}}],"collection":[{"href":"https:\/\/chrystele-lerisse.com\/en\/wp-json\/wp\/v2\/product"}],"about":[{"href":"https:\/\/chrystele-lerisse.com\/en\/wp-json\/wp\/v2\/types\/product"}],"version-history":[{"count":0,"href":"https:\/\/chrystele-lerisse.com\/en\/wp-json\/wp\/v2\/product\/6334\/revisions"}],"wp:featuredmedia":[{"embeddable":true,"href":"https:\/\/chrystele-lerisse.com\/en\/wp-json\/wp\/v2\/media\/3856"}],"wp:attachment":[{"href":"https:\/\/chrystele-lerisse.com\/en\/wp-json\/wp\/v2\/media?parent=6334"}],"wp:term":[{"taxonomy":"product_brand","embeddable":true,"href":"https:\/\/chrystele-lerisse.com\/en\/wp-json\/wp\/v2\/product_brand?post=6334"},{"taxonomy":"product_cat","embeddable":true,"href":"https:\/\/chrystele-lerisse.com\/en\/wp-json\/wp\/v2\/product_cat?post=6334"},{"taxonomy":"product_tag","embeddable":true,"href":"https:\/\/chrystele-lerisse.com\/en\/wp-json\/wp\/v2\/product_tag?post=6334"}],"curies":[{"name":"wp","href":"https:\/\/api.w.org\/{rel}","templated":true}]}}