{"id":6340,"date":"2020-04-15T14:51:28","date_gmt":"2020-04-15T12:51:28","guid":{"rendered":"https:\/\/chrystele-lerisse.com\/?post_type=product&#038;p=6340"},"modified":"2022-06-22T10:46:47","modified_gmt":"2022-06-22T08:46:47","slug":"dialogues-2017-2","status":"publish","type":"product","link":"https:\/\/chrystele-lerisse.com\/en\/product\/dialogues-2017-2\/","title":{"rendered":"DIALOGUES, 2017"},"content":{"rendered":"<ul>\n<li><em>65 photographies noir et blanc de Chryst\u00e8le Lerisse, 6&#215;6 et 4,5&#215;6 cm, 2007 \u00e0 2011<\/em><\/li>\n<li><em>Pr\u00e9face Catherine Texier<\/em><\/li>\n<li><em>Texte Emilie Flory <\/em><\/li>\n<li><em>Ouvrage bilingue fran\u00e7ais \/ anglais<\/em><\/li>\n<li><em>80 pages format 21 x 27 cm \u00e0 la fran\u00e7aise<\/em><\/li>\n<li><em>Couverture souple avec rabats &#8211; Impression bichromie<\/em><\/li>\n<li><em>Tir\u00e9e \u00e0 500 exemplaires <\/em><\/li>\n<li><em>Editeur\u00a0Artboretum Editeur, Argenton sur Creuse, et Artzo Editions, Saint Gilles les For\u00eats, 2017<\/em><\/li>\n<\/ul>\n<p><em>ISBN \u00a0978-2-9555660-1-5<\/em><\/p>","protected":false},"excerpt":{"rendered":"<p><em>Dialogues <\/em>est un entre-deux, chevauchant deux \u00e9poques de recherches et de travail : 2003-2008 et 2010-2015. Certaines des photographies de Chryst\u00e8le Lerisse sont une r\u00e9v\u00e9rence \u00e0 des artistes, architectes, cin\u00e9astes (Piet Mondrian, Aur\u00e9lie Nemours, Kengo Kuma, Carl Th. Dreyer) qui l\u2019accompagnent dans sa r\u00e9flexion sur son travail depuis longtemps et dans des dialogues essentiels pour la continuit\u00e9 de son \u0153uvre.<\/p>","protected":false},"featured_media":3857,"template":"","meta":{"wds_primary_product_brand":0,"wds_primary_product_cat":0},"product_brand":[],"product_cat":[93],"product_tag":[94],"class_list":{"0":"post-6340","1":"product","2":"type-product","3":"status-publish","4":"has-post-thumbnail","6":"product_cat-monographies","7":"product_tag-94","8":"product_shipping_class-750-g","9":"mtheme-hover-thumbnail","11":"first","12":"instock","13":"taxable","14":"shipping-taxable","15":"purchasable","16":"product-type-simple"},"_links":{"self":[{"href":"https:\/\/chrystele-lerisse.com\/en\/wp-json\/wp\/v2\/product\/6340","targetHints":{"allow":["GET"]}}],"collection":[{"href":"https:\/\/chrystele-lerisse.com\/en\/wp-json\/wp\/v2\/product"}],"about":[{"href":"https:\/\/chrystele-lerisse.com\/en\/wp-json\/wp\/v2\/types\/product"}],"version-history":[{"count":0,"href":"https:\/\/chrystele-lerisse.com\/en\/wp-json\/wp\/v2\/product\/6340\/revisions"}],"wp:featuredmedia":[{"embeddable":true,"href":"https:\/\/chrystele-lerisse.com\/en\/wp-json\/wp\/v2\/media\/3857"}],"wp:attachment":[{"href":"https:\/\/chrystele-lerisse.com\/en\/wp-json\/wp\/v2\/media?parent=6340"}],"wp:term":[{"taxonomy":"product_brand","embeddable":true,"href":"https:\/\/chrystele-lerisse.com\/en\/wp-json\/wp\/v2\/product_brand?post=6340"},{"taxonomy":"product_cat","embeddable":true,"href":"https:\/\/chrystele-lerisse.com\/en\/wp-json\/wp\/v2\/product_cat?post=6340"},{"taxonomy":"product_tag","embeddable":true,"href":"https:\/\/chrystele-lerisse.com\/en\/wp-json\/wp\/v2\/product_tag?post=6340"}],"curies":[{"name":"wp","href":"https:\/\/api.w.org\/{rel}","templated":true}]}}