{"id":6425,"date":"2022-08-30T20:50:56","date_gmt":"2022-08-30T18:50:56","guid":{"rendered":"https:\/\/chrystele-lerisse.com\/?post_type=product&#038;p=6425"},"modified":"2026-01-07T08:40:27","modified_gmt":"2026-01-07T07:40:27","slug":"solitudes-des-tables-2022","status":"publish","type":"product","link":"https:\/\/chrystele-lerisse.com\/en\/product\/solitudes-des-tables-2022\/","title":{"rendered":"Solitudes des tables, 2022"},"content":{"rendered":"<p>Solitudes des tables<\/p>\n<p>une r\u00e9\u00e9dition est pr\u00e9vue par les \u00e9ditions Dernier T\u00e9l\u00e9gramme en 2024<\/p>","protected":false},"excerpt":{"rendered":"<p><span style=\"color: #ff0000;\"> Epuis\u00e9<\/span><\/p>","protected":false},"featured_media":6478,"template":"","meta":{"wds_primary_product_brand":0,"wds_primary_product_cat":0},"product_brand":[],"product_cat":[114],"product_tag":[],"class_list":{"0":"post-6425","1":"product","2":"type-product","3":"status-publish","4":"has-post-thumbnail","6":"product_cat-publications-ouvrages-collectifs","7":"mtheme-hover-thumbnail","9":"first","10":"outofstock","11":"taxable","12":"shipping-taxable","13":"purchasable","14":"product-type-simple"},"_links":{"self":[{"href":"https:\/\/chrystele-lerisse.com\/en\/wp-json\/wp\/v2\/product\/6425","targetHints":{"allow":["GET"]}}],"collection":[{"href":"https:\/\/chrystele-lerisse.com\/en\/wp-json\/wp\/v2\/product"}],"about":[{"href":"https:\/\/chrystele-lerisse.com\/en\/wp-json\/wp\/v2\/types\/product"}],"version-history":[{"count":1,"href":"https:\/\/chrystele-lerisse.com\/en\/wp-json\/wp\/v2\/product\/6425\/revisions"}],"predecessor-version":[{"id":18771,"href":"https:\/\/chrystele-lerisse.com\/en\/wp-json\/wp\/v2\/product\/6425\/revisions\/18771"}],"wp:featuredmedia":[{"embeddable":true,"href":"https:\/\/chrystele-lerisse.com\/en\/wp-json\/wp\/v2\/media\/6478"}],"wp:attachment":[{"href":"https:\/\/chrystele-lerisse.com\/en\/wp-json\/wp\/v2\/media?parent=6425"}],"wp:term":[{"taxonomy":"product_brand","embeddable":true,"href":"https:\/\/chrystele-lerisse.com\/en\/wp-json\/wp\/v2\/product_brand?post=6425"},{"taxonomy":"product_cat","embeddable":true,"href":"https:\/\/chrystele-lerisse.com\/en\/wp-json\/wp\/v2\/product_cat?post=6425"},{"taxonomy":"product_tag","embeddable":true,"href":"https:\/\/chrystele-lerisse.com\/en\/wp-json\/wp\/v2\/product_tag?post=6425"}],"curies":[{"name":"wp","href":"https:\/\/api.w.org\/{rel}","templated":true}]}}