{"id":6582,"date":"2022-10-12T08:44:49","date_gmt":"2022-10-12T06:44:49","guid":{"rendered":"https:\/\/chrystele-lerisse.com\/?post_type=product&#038;p=6582"},"modified":"2026-01-07T08:36:27","modified_gmt":"2026-01-07T07:36:27","slug":"du-cote-de-chez-sam","status":"publish","type":"product","link":"https:\/\/chrystele-lerisse.com\/en\/product\/du-cote-de-chez-sam\/","title":{"rendered":"Du c\u00f4t\u00e9 de chez Sam, 2022"},"content":{"rendered":"<p>Qu\u2019est-ce qu\u2019un objet ? Par\u00e9 des connotations les plus diverses, le vocable se pr\u00e9sente d\u2019abord \u00e0 l\u2019intellect comme un synonyme d\u2019unit\u00e9 de mati\u00e8re, facilement identifi\u00e9 comme appartenant au monde \u00ab\u00a0concret\u00a0\u00bb, puis, sur un mode abstrait, il devient un \u00ab\u00a0objectif\u00a0\u00bb, une vis\u00e9e, un but \u00e0 atteindre, presque une obsession. Pourtant l\u2019objet n\u2019existe gu\u00e8re en soi, la notion d\u2019unit\u00e9 de mati\u00e8re est discutable et l\u2019id\u00e9e m\u00eame de l\u2019objet comme horizon de la vision fl\u00e9chit sous son propre paradoxe. Le risque est qu\u2019il reste inatteignable. La photographe qui fixe un instant de la mati\u00e8re mutique et changeante ne le sait que trop. D\u2019abord elle se d\u00e9fie d\u2019elle-m\u00eame et d\u2019une vision circonscrite dans un faisceau d\u2019habitus culturels. Ensuite elle doit laisser la mati\u00e8re constituer la vision. L\u00e0 potentiellement existe la photographie comme r\u00e9v\u00e9lation. C\u2019est ce d\u00e9fi monstre qu\u2019a relev\u00e9 Chryst\u00e8le Lerisse dans ses deux s\u00e9ries intitul\u00e9es<br \/>\nDu c\u00f4t\u00e9 de chez Sam o\u00f9 l\u2019objet est minimal. D\u00e9fi dont Marcel Proust lui-m\u00eame avait eu l\u2019intuition, annon\u00e7ant ce que cinquante ans plus tard l\u2019art contemporain contiendrait de plus<br \/>\nradical. \u00ab\u00a0Quand je voyais un objet ext\u00e9rieur, la conscience que je le voyais restait entre moi et lui, le bordait d\u2019un mince liser\u00e9 spirituel qui m\u2019emp\u00eachait de jamais toucher directement sa mati\u00e8re ;<br \/>\nelle se volatilisait en quelque sorte avant que je prisse contact avec elle, comme un corps incandescent qu\u2019on approche d\u2019un objet mouill\u00e9 ne touche pas son humidit\u00e9 parce qu\u2019il se fait toujours pr\u00e9c\u00e9der d\u2019une zone d\u2019\u00e9vaporation. \u00ab\u00a0<\/p>","protected":false},"excerpt":{"rendered":"<p>Du c\u00f4t\u00e9 de chez Sam 22 photographies 2019\/2020 de Chryst\u00e8le Lerisse<br \/>\nTexte de J\u00e9r\u00f4me Felin<br \/>\nOuvrage bilingue fran\u00e7ais\/anglais<br \/>\nFormat 21 x 27cm<br \/>\n48 pages sur papier Couch\u00e9 Moderne P\u00e9rigord Mat 170g<br \/>\nCouverture souple avec rabats 350g<br \/>\nImpression bichromie<br \/>\nEdit\u00e9 \u00e0 300 exemplaires<\/p>","protected":false},"featured_media":6531,"template":"","meta":{"wds_primary_product_brand":0,"wds_primary_product_cat":0},"product_brand":[],"product_cat":[111],"product_tag":[],"class_list":{"0":"post-6582","1":"product","2":"type-product","3":"status-publish","4":"has-post-thumbnail","6":"product_cat-livres-sur-chrystele-lerisse","7":"mtheme-hover-thumbnail","9":"first","10":"instock","11":"taxable","12":"shipping-taxable","13":"purchasable","14":"product-type-simple"},"_links":{"self":[{"href":"https:\/\/chrystele-lerisse.com\/en\/wp-json\/wp\/v2\/product\/6582","targetHints":{"allow":["GET"]}}],"collection":[{"href":"https:\/\/chrystele-lerisse.com\/en\/wp-json\/wp\/v2\/product"}],"about":[{"href":"https:\/\/chrystele-lerisse.com\/en\/wp-json\/wp\/v2\/types\/product"}],"version-history":[{"count":1,"href":"https:\/\/chrystele-lerisse.com\/en\/wp-json\/wp\/v2\/product\/6582\/revisions"}],"predecessor-version":[{"id":26991,"href":"https:\/\/chrystele-lerisse.com\/en\/wp-json\/wp\/v2\/product\/6582\/revisions\/26991"}],"wp:featuredmedia":[{"embeddable":true,"href":"https:\/\/chrystele-lerisse.com\/en\/wp-json\/wp\/v2\/media\/6531"}],"wp:attachment":[{"href":"https:\/\/chrystele-lerisse.com\/en\/wp-json\/wp\/v2\/media?parent=6582"}],"wp:term":[{"taxonomy":"product_brand","embeddable":true,"href":"https:\/\/chrystele-lerisse.com\/en\/wp-json\/wp\/v2\/product_brand?post=6582"},{"taxonomy":"product_cat","embeddable":true,"href":"https:\/\/chrystele-lerisse.com\/en\/wp-json\/wp\/v2\/product_cat?post=6582"},{"taxonomy":"product_tag","embeddable":true,"href":"https:\/\/chrystele-lerisse.com\/en\/wp-json\/wp\/v2\/product_tag?post=6582"}],"curies":[{"name":"wp","href":"https:\/\/api.w.org\/{rel}","templated":true}]}}