{"id":7605,"date":"2023-10-04T20:59:41","date_gmt":"2023-10-04T18:59:41","guid":{"rendered":"https:\/\/chrystele-lerisse.com\/?post_type=product&#038;p=7605"},"modified":"2026-01-12T14:24:47","modified_gmt":"2026-01-12T13:24:47","slug":"les-inedites-1977-a-2016-de-chrystele-lerisse-2","status":"publish","type":"product","link":"https:\/\/chrystele-lerisse.com\/en\/product\/les-inedites-1977-a-2016-de-chrystele-lerisse-2\/","title":{"rendered":"Les in\u00e9dites 1977 \u00e0 2016 de Chryst\u00e8le Lerisse : \u00e9dition num\u00e9rot\u00e9e \u00e0 20 exemplaires, 2023"},"content":{"rendered":"<p>les in\u00e9dites,\u00e9dit\u00e9 par le cdla \/ artzo, 2023<\/p>","protected":false},"excerpt":{"rendered":"<p>75 photographies noir et blanc argentique de 1977 \u00e0 2016 imprim\u00e9es en risographie<br \/>\nest un ensemble de vingt livrets de 8 pages 15 x 21 cm sur papier Munken Pur 130 gr<br \/>\nachev\u00e9 d\u2019imprimer \u00e0 50 exemplaires en septembre 2023 par nos soins dont 20 exemplaires<br \/>\nde vingt livrets rassembl\u00e9s dans des bo\u00eetes num\u00e9rot\u00e9es de 1 \u00e0 20 et 30 exemplaires<br \/>\npour l\u2019\u00e9dition courante.<\/p>\n<p><span style=\"color: #ff0000;\">\u00c9dition num\u00e9rot\u00e9e \u00e9puis\u00e9e.<\/span><br \/>\nMais il reste quelques exemplaires de l\u2019\u00e9dition courante<\/p>","protected":false},"featured_media":7488,"template":"","meta":{"wds_primary_product_brand":0,"wds_primary_product_cat":0},"product_brand":[],"product_cat":[111,109],"product_tag":[],"class_list":{"0":"post-7605","1":"product","2":"type-product","3":"status-publish","4":"has-post-thumbnail","6":"product_cat-livres-sur-chrystele-lerisse","7":"product_cat-porte-folio","8":"mtheme-hover-thumbnail","10":"first","11":"instock","12":"taxable","13":"shipping-taxable","14":"purchasable","15":"product-type-simple"},"_links":{"self":[{"href":"https:\/\/chrystele-lerisse.com\/en\/wp-json\/wp\/v2\/product\/7605","targetHints":{"allow":["GET"]}}],"collection":[{"href":"https:\/\/chrystele-lerisse.com\/en\/wp-json\/wp\/v2\/product"}],"about":[{"href":"https:\/\/chrystele-lerisse.com\/en\/wp-json\/wp\/v2\/types\/product"}],"version-history":[{"count":2,"href":"https:\/\/chrystele-lerisse.com\/en\/wp-json\/wp\/v2\/product\/7605\/revisions"}],"predecessor-version":[{"id":27159,"href":"https:\/\/chrystele-lerisse.com\/en\/wp-json\/wp\/v2\/product\/7605\/revisions\/27159"}],"wp:featuredmedia":[{"embeddable":true,"href":"https:\/\/chrystele-lerisse.com\/en\/wp-json\/wp\/v2\/media\/7488"}],"wp:attachment":[{"href":"https:\/\/chrystele-lerisse.com\/en\/wp-json\/wp\/v2\/media?parent=7605"}],"wp:term":[{"taxonomy":"product_brand","embeddable":true,"href":"https:\/\/chrystele-lerisse.com\/en\/wp-json\/wp\/v2\/product_brand?post=7605"},{"taxonomy":"product_cat","embeddable":true,"href":"https:\/\/chrystele-lerisse.com\/en\/wp-json\/wp\/v2\/product_cat?post=7605"},{"taxonomy":"product_tag","embeddable":true,"href":"https:\/\/chrystele-lerisse.com\/en\/wp-json\/wp\/v2\/product_tag?post=7605"}],"curies":[{"name":"wp","href":"https:\/\/api.w.org\/{rel}","templated":true}]}}