{"id":7873,"date":"2024-11-09T18:07:26","date_gmt":"2024-11-09T17:07:26","guid":{"rendered":"https:\/\/chrystele-lerisse.com\/?post_type=product&#038;p=7873"},"modified":"2026-01-07T08:34:24","modified_gmt":"2026-01-07T07:34:24","slug":"saisons","status":"publish","type":"product","link":"https:\/\/chrystele-lerisse.com\/en\/product\/saisons\/","title":{"rendered":"SAISONS, 2024"},"content":{"rendered":"<p><a role=\"button\" href=\"https:\/\/chrystele-lerisse.com\/wp-content\/uploads\/communique\u0301-de-presse-SAISONS-.pdf\"><br \/>\nT\u00e9l\u00e9charger le communiqu\u00e9 de presse<br \/>\n<\/a><\/p>","protected":false},"excerpt":{"rendered":"<p class=\"yiv9397126528MsoNormal\"><span class=\"yiv9397126528\">62 photographies 2019 \u00e0 2023 de Chryst\u00e8le Lerisse<br \/>\n<\/span><span class=\"yiv9397126528\">Texte de Sam Basu<br \/>\n<\/span><span class=\"yiv9397126528\">Ouvrage bilingue fran\u00e7ais\/anglais<br \/>\n<\/span><span class=\"yiv9397126528\">Traduction fran\u00e7aise J\u00e9r\u00f4me Felin<br \/>\n<\/span><span class=\"yiv9397126528\">Format 21 x 27cm<br \/>\n<\/span><span class=\"yiv9397126528\">56 pages sur papier Couch\u00e9 Moderne P\u00e9rigord Mat 170g<br \/>\n<\/span><span class=\"yiv9397126528\">Couverture souple avec rabats 300g<br \/>\n<\/span><span class=\"yiv9397126528\">Impression bichromie<br \/>\n<\/span><span class=\"yiv9397126528\">Edit\u00e9 \u00e0 100 exemplaires num\u00e9rot\u00e9s de 1 \u00e0 100<\/span><\/p>","protected":false},"featured_media":7876,"template":"","meta":{"wds_primary_product_brand":0,"wds_primary_product_cat":0},"product_brand":[],"product_cat":[111,109],"product_tag":[241],"class_list":{"0":"post-7873","1":"product","2":"type-product","3":"status-publish","4":"has-post-thumbnail","6":"product_cat-livres-sur-chrystele-lerisse","7":"product_cat-porte-folio","8":"product_tag-241","9":"mtheme-hover-thumbnail","11":"first","12":"instock","13":"taxable","14":"shipping-taxable","15":"purchasable","16":"product-type-simple"},"_links":{"self":[{"href":"https:\/\/chrystele-lerisse.com\/en\/wp-json\/wp\/v2\/product\/7873","targetHints":{"allow":["GET"]}}],"collection":[{"href":"https:\/\/chrystele-lerisse.com\/en\/wp-json\/wp\/v2\/product"}],"about":[{"href":"https:\/\/chrystele-lerisse.com\/en\/wp-json\/wp\/v2\/types\/product"}],"version-history":[{"count":2,"href":"https:\/\/chrystele-lerisse.com\/en\/wp-json\/wp\/v2\/product\/7873\/revisions"}],"predecessor-version":[{"id":26989,"href":"https:\/\/chrystele-lerisse.com\/en\/wp-json\/wp\/v2\/product\/7873\/revisions\/26989"}],"wp:featuredmedia":[{"embeddable":true,"href":"https:\/\/chrystele-lerisse.com\/en\/wp-json\/wp\/v2\/media\/7876"}],"wp:attachment":[{"href":"https:\/\/chrystele-lerisse.com\/en\/wp-json\/wp\/v2\/media?parent=7873"}],"wp:term":[{"taxonomy":"product_brand","embeddable":true,"href":"https:\/\/chrystele-lerisse.com\/en\/wp-json\/wp\/v2\/product_brand?post=7873"},{"taxonomy":"product_cat","embeddable":true,"href":"https:\/\/chrystele-lerisse.com\/en\/wp-json\/wp\/v2\/product_cat?post=7873"},{"taxonomy":"product_tag","embeddable":true,"href":"https:\/\/chrystele-lerisse.com\/en\/wp-json\/wp\/v2\/product_tag?post=7873"}],"curies":[{"name":"wp","href":"https:\/\/api.w.org\/{rel}","templated":true}]}}